{"id":846,"date":"2024-11-21T14:13:32","date_gmt":"2024-11-21T14:13:32","guid":{"rendered":"https:\/\/ideallabo.dz\/?post_type=product&#038;p=846"},"modified":"2024-12-03T22:44:00","modified_gmt":"2024-12-03T22:44:00","slug":"bouchon-en-verre-cn-14","status":"publish","type":"product","link":"https:\/\/ideallabo.dz\/?product=bouchon-en-verre-cn-14","title":{"rendered":"BOUCHON EN VERRE CN 14"},"content":{"rendered":"<p>Le bouchon en caoutchouc \u00e0 1 trou de taille N\u00b00 est con\u00e7u pour sceller les r\u00e9cipients de laboratoire tels que les fioles, les tubes \u00e0 essai ou les flacons. Gr\u00e2ce \u00e0 sa composition en caoutchouc de haute qualit\u00e9, il offre une excellente \u00e9tanch\u00e9it\u00e9 et une r\u00e9sistance aux produits chimiques courants. Le trou central permet l&rsquo;insertion d&rsquo;un tube ou d&rsquo;une pipette pour les exp\u00e9riences n\u00e9cessitant un transfert de liquide tout en maintenant l&rsquo;\u00e9tanch\u00e9it\u00e9 du r\u00e9cipient. Ce bouchon est id\u00e9al pour les applications de stockage ou d&rsquo;exp\u00e9rimentation en laboratoire.<\/p>\n","protected":false},"excerpt":{"rendered":"<p>Bouchon en caoutchouc \u00e0 1 trou, taille N\u00b00. Offre une \u00e9tanch\u00e9it\u00e9 efficace et r\u00e9sistante pour r\u00e9cipients de laboratoire.<\/p>\n","protected":false},"featured_media":847,"template":"","meta":{"site-sidebar-layout":"default","site-content-layout":"","ast-site-content-layout":"default","site-content-style":"default","site-sidebar-style":"default","ast-global-header-display":"","ast-banner-title-visibility":"","ast-main-header-display":"","ast-hfb-above-header-display":"","ast-hfb-below-header-display":"","ast-hfb-mobile-header-display":"","site-post-title":"","ast-breadcrumbs-content":"","ast-featured-img":"","footer-sml-layout":"","theme-transparent-header-meta":"default","adv-header-id-meta":"","stick-header-meta":"","header-above-stick-meta":"","header-main-stick-meta":"","header-below-stick-meta":"","astra-migrate-meta-layouts":"set","ast-page-background-enabled":"default","ast-page-background-meta":{"desktop":{"background-color":"var(--ast-global-color-4)","background-image":"","background-repeat":"repeat","background-position":"center center","background-size":"auto","background-attachment":"scroll","background-type":"","background-media":"","overlay-type":"","overlay-color":"","overlay-opacity":"","overlay-gradient":""},"tablet":{"background-color":"","background-image":"","background-repeat":"repeat","background-position":"center center","background-size":"auto","background-attachment":"scroll","background-type":"","background-media":"","overlay-type":"","overlay-color":"","overlay-opacity":"","overlay-gradient":""},"mobile":{"background-color":"","background-image":"","background-repeat":"repeat","background-position":"center center","background-size":"auto","background-attachment":"scroll","background-type":"","background-media":"","overlay-type":"","overlay-color":"","overlay-opacity":"","overlay-gradient":""}},"ast-content-background-meta":{"desktop":{"background-color":"var(--ast-global-color-5)","background-image":"","background-repeat":"repeat","background-position":"center center","background-size":"auto","background-attachment":"scroll","background-type":"","background-media":"","overlay-type":"","overlay-color":"","overlay-opacity":"","overlay-gradient":""},"tablet":{"background-color":"var(--ast-global-color-5)","background-image":"","background-repeat":"repeat","background-position":"center center","background-size":"auto","background-attachment":"scroll","background-type":"","background-media":"","overlay-type":"","overlay-color":"","overlay-opacity":"","overlay-gradient":""},"mobile":{"background-color":"var(--ast-global-color-5)","background-image":"","background-repeat":"repeat","background-position":"center center","background-size":"auto","background-attachment":"scroll","background-type":"","background-media":"","overlay-type":"","overlay-color":"","overlay-opacity":"","overlay-gradient":""}}},"product_cat":[54,55],"product_tag":[100],"class_list":{"0":"post-846","1":"product","2":"type-product","3":"status-publish","4":"has-post-thumbnail","6":"product_cat-consommables","7":"product_cat-verreries","8":"product_tag-consommables","9":"desktop-align-center","10":"tablet-align-left","11":"mobile-align-left","13":"first","14":"instock","15":"shipping-taxable","16":"purchasable","17":"product-type-simple"},"_links":{"self":[{"href":"https:\/\/ideallabo.dz\/index.php?rest_route=\/wp\/v2\/product\/846","targetHints":{"allow":["GET"]}}],"collection":[{"href":"https:\/\/ideallabo.dz\/index.php?rest_route=\/wp\/v2\/product"}],"about":[{"href":"https:\/\/ideallabo.dz\/index.php?rest_route=\/wp\/v2\/types\/product"}],"wp:featuredmedia":[{"embeddable":true,"href":"https:\/\/ideallabo.dz\/index.php?rest_route=\/wp\/v2\/media\/847"}],"wp:attachment":[{"href":"https:\/\/ideallabo.dz\/index.php?rest_route=%2Fwp%2Fv2%2Fmedia&parent=846"}],"wp:term":[{"taxonomy":"product_cat","embeddable":true,"href":"https:\/\/ideallabo.dz\/index.php?rest_route=%2Fwp%2Fv2%2Fproduct_cat&post=846"},{"taxonomy":"product_tag","embeddable":true,"href":"https:\/\/ideallabo.dz\/index.php?rest_route=%2Fwp%2Fv2%2Fproduct_tag&post=846"}],"curies":[{"name":"wp","href":"https:\/\/api.w.org\/{rel}","templated":true}]}}