{"id":832,"date":"2024-11-21T13:51:04","date_gmt":"2024-11-21T13:51:04","guid":{"rendered":"https:\/\/ideallabo.dz\/?post_type=product&#038;p=832"},"modified":"2024-12-03T22:46:50","modified_gmt":"2024-12-03T22:46:50","slug":"boite-petri-en-verre-d-60-mm","status":"publish","type":"product","link":"https:\/\/ideallabo.dz\/?product=boite-petri-en-verre-d-60-mm","title":{"rendered":"BOITE PETRI EN VERRE D.60 MM"},"content":{"rendered":"<p>La bo\u00eete de P\u00e9tri en verre d&rsquo;un diam\u00e8tre de 60 mm est un instrument de laboratoire classique utilis\u00e9 pour la culture de microorganismes, la pr\u00e9paration d\u2019\u00e9chantillons biologiques ou la manipulation de substances. Fabriqu\u00e9e en verre de haute qualit\u00e9, elle offre une surface lisse et propre pour les cultures et exp\u00e9riences de laboratoire. R\u00e9sistante \u00e0 la chaleur et aux produits chimiques, elle permet une st\u00e9rilisation facile. Sa transparence permet une observation claire des \u00e9chantillons tout en \u00e9tant robuste et durable.<\/p>\n","protected":false},"excerpt":{"rendered":"<p>Bo\u00eete de P\u00e9tri en verre, diam\u00e8tre 60 mm. R\u00e9sistante \u00e0 la chaleur et aux produits chimiques, id\u00e9ale pour cultures et exp\u00e9riences biologiques.<\/p>\n","protected":false},"featured_media":833,"template":"","meta":{"site-sidebar-layout":"default","site-content-layout":"","ast-site-content-layout":"default","site-content-style":"default","site-sidebar-style":"default","ast-global-header-display":"","ast-banner-title-visibility":"","ast-main-header-display":"","ast-hfb-above-header-display":"","ast-hfb-below-header-display":"","ast-hfb-mobile-header-display":"","site-post-title":"","ast-breadcrumbs-content":"","ast-featured-img":"","footer-sml-layout":"","theme-transparent-header-meta":"default","adv-header-id-meta":"","stick-header-meta":"","header-above-stick-meta":"","header-main-stick-meta":"","header-below-stick-meta":"","astra-migrate-meta-layouts":"set","ast-page-background-enabled":"default","ast-page-background-meta":{"desktop":{"background-color":"var(--ast-global-color-4)","background-image":"","background-repeat":"repeat","background-position":"center center","background-size":"auto","background-attachment":"scroll","background-type":"","background-media":"","overlay-type":"","overlay-color":"","overlay-opacity":"","overlay-gradient":""},"tablet":{"background-color":"","background-image":"","background-repeat":"repeat","background-position":"center center","background-size":"auto","background-attachment":"scroll","background-type":"","background-media":"","overlay-type":"","overlay-color":"","overlay-opacity":"","overlay-gradient":""},"mobile":{"background-color":"","background-image":"","background-repeat":"repeat","background-position":"center center","background-size":"auto","background-attachment":"scroll","background-type":"","background-media":"","overlay-type":"","overlay-color":"","overlay-opacity":"","overlay-gradient":""}},"ast-content-background-meta":{"desktop":{"background-color":"var(--ast-global-color-5)","background-image":"","background-repeat":"repeat","background-position":"center center","background-size":"auto","background-attachment":"scroll","background-type":"","background-media":"","overlay-type":"","overlay-color":"","overlay-opacity":"","overlay-gradient":""},"tablet":{"background-color":"var(--ast-global-color-5)","background-image":"","background-repeat":"repeat","background-position":"center center","background-size":"auto","background-attachment":"scroll","background-type":"","background-media":"","overlay-type":"","overlay-color":"","overlay-opacity":"","overlay-gradient":""},"mobile":{"background-color":"var(--ast-global-color-5)","background-image":"","background-repeat":"repeat","background-position":"center center","background-size":"auto","background-attachment":"scroll","background-type":"","background-media":"","overlay-type":"","overlay-color":"","overlay-opacity":"","overlay-gradient":""}}},"product_cat":[54],"product_tag":[100],"class_list":{"0":"post-832","1":"product","2":"type-product","3":"status-publish","4":"has-post-thumbnail","6":"product_cat-consommables","7":"product_tag-consommables","8":"desktop-align-center","9":"tablet-align-left","10":"mobile-align-left","12":"first","13":"instock","14":"shipping-taxable","15":"purchasable","16":"product-type-simple"},"_links":{"self":[{"href":"https:\/\/ideallabo.dz\/index.php?rest_route=\/wp\/v2\/product\/832","targetHints":{"allow":["GET"]}}],"collection":[{"href":"https:\/\/ideallabo.dz\/index.php?rest_route=\/wp\/v2\/product"}],"about":[{"href":"https:\/\/ideallabo.dz\/index.php?rest_route=\/wp\/v2\/types\/product"}],"wp:featuredmedia":[{"embeddable":true,"href":"https:\/\/ideallabo.dz\/index.php?rest_route=\/wp\/v2\/media\/833"}],"wp:attachment":[{"href":"https:\/\/ideallabo.dz\/index.php?rest_route=%2Fwp%2Fv2%2Fmedia&parent=832"}],"wp:term":[{"taxonomy":"product_cat","embeddable":true,"href":"https:\/\/ideallabo.dz\/index.php?rest_route=%2Fwp%2Fv2%2Fproduct_cat&post=832"},{"taxonomy":"product_tag","embeddable":true,"href":"https:\/\/ideallabo.dz\/index.php?rest_route=%2Fwp%2Fv2%2Fproduct_tag&post=832"}],"curies":[{"name":"wp","href":"https:\/\/api.w.org\/{rel}","templated":true}]}}