{"id":828,"date":"2024-11-21T13:48:38","date_gmt":"2024-11-21T13:48:38","guid":{"rendered":"https:\/\/ideallabo.dz\/?post_type=product&#038;p=828"},"modified":"2024-12-03T22:43:54","modified_gmt":"2024-12-03T22:43:54","slug":"becher-en-verre-borosil-3-3-f-haute-50-ml","status":"publish","type":"product","link":"https:\/\/ideallabo.dz\/?product=becher-en-verre-borosil-3-3-f-haute-50-ml","title":{"rendered":"BECHER EN VERRE BOROSIL 3.3 F.HAUTE 50 ML"},"content":{"rendered":"<p>Le b\u00e9cher en verre borosilicat\u00e9 3.3 \u00e0 fond haut de 50 ml est un r\u00e9cipient de laboratoire con\u00e7u pour les manipulations de volumes mod\u00e9r\u00e9s de liquides. Fabriqu\u00e9 en verre borosilicat\u00e9 de qualit\u00e9 sup\u00e9rieure, il est r\u00e9sistant \u00e0 la chaleur et aux produits chimiques. La forme \u00e0 fond haut offre une plus grande capacit\u00e9 pour les m\u00e9langes ou les chauffages, tout en facilitant une manipulation plus facile des solutions. Ce b\u00e9cher est adapt\u00e9 aux exp\u00e9riences en chimie, aux pr\u00e9parations de solutions, et aux r\u00e9actions n\u00e9cessitant une manipulation pr\u00e9cise de liquides.<\/p>\n","protected":false},"excerpt":{"rendered":"<p>B\u00e9cher en verre borosilicat\u00e9 3.3, 50 ml, fond haut. R\u00e9sistant \u00e0 la chaleur et aux produits chimiques, id\u00e9al pour m\u00e9langes et chauffages.<\/p>\n","protected":false},"featured_media":829,"template":"","meta":{"site-sidebar-layout":"default","site-content-layout":"","ast-site-content-layout":"default","site-content-style":"default","site-sidebar-style":"default","ast-global-header-display":"","ast-banner-title-visibility":"","ast-main-header-display":"","ast-hfb-above-header-display":"","ast-hfb-below-header-display":"","ast-hfb-mobile-header-display":"","site-post-title":"","ast-breadcrumbs-content":"","ast-featured-img":"","footer-sml-layout":"","theme-transparent-header-meta":"default","adv-header-id-meta":"","stick-header-meta":"","header-above-stick-meta":"","header-main-stick-meta":"","header-below-stick-meta":"","astra-migrate-meta-layouts":"set","ast-page-background-enabled":"default","ast-page-background-meta":{"desktop":{"background-color":"var(--ast-global-color-4)","background-image":"","background-repeat":"repeat","background-position":"center center","background-size":"auto","background-attachment":"scroll","background-type":"","background-media":"","overlay-type":"","overlay-color":"","overlay-opacity":"","overlay-gradient":""},"tablet":{"background-color":"","background-image":"","background-repeat":"repeat","background-position":"center center","background-size":"auto","background-attachment":"scroll","background-type":"","background-media":"","overlay-type":"","overlay-color":"","overlay-opacity":"","overlay-gradient":""},"mobile":{"background-color":"","background-image":"","background-repeat":"repeat","background-position":"center center","background-size":"auto","background-attachment":"scroll","background-type":"","background-media":"","overlay-type":"","overlay-color":"","overlay-opacity":"","overlay-gradient":""}},"ast-content-background-meta":{"desktop":{"background-color":"var(--ast-global-color-5)","background-image":"","background-repeat":"repeat","background-position":"center center","background-size":"auto","background-attachment":"scroll","background-type":"","background-media":"","overlay-type":"","overlay-color":"","overlay-opacity":"","overlay-gradient":""},"tablet":{"background-color":"var(--ast-global-color-5)","background-image":"","background-repeat":"repeat","background-position":"center center","background-size":"auto","background-attachment":"scroll","background-type":"","background-media":"","overlay-type":"","overlay-color":"","overlay-opacity":"","overlay-gradient":""},"mobile":{"background-color":"var(--ast-global-color-5)","background-image":"","background-repeat":"repeat","background-position":"center center","background-size":"auto","background-attachment":"scroll","background-type":"","background-media":"","overlay-type":"","overlay-color":"","overlay-opacity":"","overlay-gradient":""}}},"product_cat":[54,55],"product_tag":[100],"class_list":{"0":"post-828","1":"product","2":"type-product","3":"status-publish","4":"has-post-thumbnail","6":"product_cat-consommables","7":"product_cat-verreries","8":"product_tag-consommables","9":"desktop-align-center","10":"tablet-align-left","11":"mobile-align-left","13":"first","14":"instock","15":"shipping-taxable","16":"purchasable","17":"product-type-simple"},"_links":{"self":[{"href":"https:\/\/ideallabo.dz\/index.php?rest_route=\/wp\/v2\/product\/828","targetHints":{"allow":["GET"]}}],"collection":[{"href":"https:\/\/ideallabo.dz\/index.php?rest_route=\/wp\/v2\/product"}],"about":[{"href":"https:\/\/ideallabo.dz\/index.php?rest_route=\/wp\/v2\/types\/product"}],"wp:featuredmedia":[{"embeddable":true,"href":"https:\/\/ideallabo.dz\/index.php?rest_route=\/wp\/v2\/media\/829"}],"wp:attachment":[{"href":"https:\/\/ideallabo.dz\/index.php?rest_route=%2Fwp%2Fv2%2Fmedia&parent=828"}],"wp:term":[{"taxonomy":"product_cat","embeddable":true,"href":"https:\/\/ideallabo.dz\/index.php?rest_route=%2Fwp%2Fv2%2Fproduct_cat&post=828"},{"taxonomy":"product_tag","embeddable":true,"href":"https:\/\/ideallabo.dz\/index.php?rest_route=%2Fwp%2Fv2%2Fproduct_tag&post=828"}],"curies":[{"name":"wp","href":"https:\/\/api.w.org\/{rel}","templated":true}]}}