{"id":826,"date":"2024-11-21T13:47:32","date_gmt":"2024-11-21T13:47:32","guid":{"rendered":"https:\/\/ideallabo.dz\/?post_type=product&#038;p=826"},"modified":"2024-12-03T22:46:20","modified_gmt":"2024-12-03T22:46:20","slug":"becher-en-verre-borosil-3-3-f-basse-5-ml","status":"publish","type":"product","link":"https:\/\/ideallabo.dz\/?product=becher-en-verre-borosil-3-3-f-basse-5-ml","title":{"rendered":"BECHER EN VERRE BOROSIL 3.3 F.BASSE 5 ML"},"content":{"rendered":"<p>Le b\u00e9cher en verre borosilicat\u00e9 3.3 \u00e0 fond bas de 5 ml est un petit r\u00e9cipient de laboratoire, id\u00e9al pour des mesures pr\u00e9cises et des manipulations de petites quantit\u00e9s de liquides. Fabriqu\u00e9 en verre borosilicat\u00e9 3.3, il est r\u00e9sistant \u00e0 des temp\u00e9ratures \u00e9lev\u00e9es et aux produits chimiques agressifs. Sa conception \u00e0 fond bas permet une meilleure stabilit\u00e9 et facilite le m\u00e9lange ou l&rsquo;\u00e9chauffement des solutions. Ce b\u00e9cher est parfait pour les applications en chimie analytique, les exp\u00e9riences \u00e0 petite \u00e9chelle et les tests de laboratoire.<\/p>\n","protected":false},"excerpt":{"rendered":"<p>B\u00e9cher en verre borosilicat\u00e9 3.3, 5 ml, fond bas. R\u00e9sistant \u00e0 la chaleur et aux produits chimiques, id\u00e9al pour petites quantit\u00e9s.<\/p>\n","protected":false},"featured_media":827,"template":"","meta":{"site-sidebar-layout":"default","site-content-layout":"","ast-site-content-layout":"default","site-content-style":"default","site-sidebar-style":"default","ast-global-header-display":"","ast-banner-title-visibility":"","ast-main-header-display":"","ast-hfb-above-header-display":"","ast-hfb-below-header-display":"","ast-hfb-mobile-header-display":"","site-post-title":"","ast-breadcrumbs-content":"","ast-featured-img":"","footer-sml-layout":"","theme-transparent-header-meta":"default","adv-header-id-meta":"","stick-header-meta":"","header-above-stick-meta":"","header-main-stick-meta":"","header-below-stick-meta":"","astra-migrate-meta-layouts":"set","ast-page-background-enabled":"default","ast-page-background-meta":{"desktop":{"background-color":"var(--ast-global-color-4)","background-image":"","background-repeat":"repeat","background-position":"center center","background-size":"auto","background-attachment":"scroll","background-type":"","background-media":"","overlay-type":"","overlay-color":"","overlay-opacity":"","overlay-gradient":""},"tablet":{"background-color":"","background-image":"","background-repeat":"repeat","background-position":"center center","background-size":"auto","background-attachment":"scroll","background-type":"","background-media":"","overlay-type":"","overlay-color":"","overlay-opacity":"","overlay-gradient":""},"mobile":{"background-color":"","background-image":"","background-repeat":"repeat","background-position":"center center","background-size":"auto","background-attachment":"scroll","background-type":"","background-media":"","overlay-type":"","overlay-color":"","overlay-opacity":"","overlay-gradient":""}},"ast-content-background-meta":{"desktop":{"background-color":"var(--ast-global-color-5)","background-image":"","background-repeat":"repeat","background-position":"center center","background-size":"auto","background-attachment":"scroll","background-type":"","background-media":"","overlay-type":"","overlay-color":"","overlay-opacity":"","overlay-gradient":""},"tablet":{"background-color":"var(--ast-global-color-5)","background-image":"","background-repeat":"repeat","background-position":"center center","background-size":"auto","background-attachment":"scroll","background-type":"","background-media":"","overlay-type":"","overlay-color":"","overlay-opacity":"","overlay-gradient":""},"mobile":{"background-color":"var(--ast-global-color-5)","background-image":"","background-repeat":"repeat","background-position":"center center","background-size":"auto","background-attachment":"scroll","background-type":"","background-media":"","overlay-type":"","overlay-color":"","overlay-opacity":"","overlay-gradient":""}}},"product_cat":[54],"product_tag":[100],"class_list":{"0":"post-826","1":"product","2":"type-product","3":"status-publish","4":"has-post-thumbnail","6":"product_cat-consommables","7":"product_tag-consommables","8":"desktop-align-center","9":"tablet-align-left","10":"mobile-align-left","12":"first","13":"instock","14":"shipping-taxable","15":"purchasable","16":"product-type-simple"},"_links":{"self":[{"href":"https:\/\/ideallabo.dz\/index.php?rest_route=\/wp\/v2\/product\/826","targetHints":{"allow":["GET"]}}],"collection":[{"href":"https:\/\/ideallabo.dz\/index.php?rest_route=\/wp\/v2\/product"}],"about":[{"href":"https:\/\/ideallabo.dz\/index.php?rest_route=\/wp\/v2\/types\/product"}],"wp:featuredmedia":[{"embeddable":true,"href":"https:\/\/ideallabo.dz\/index.php?rest_route=\/wp\/v2\/media\/827"}],"wp:attachment":[{"href":"https:\/\/ideallabo.dz\/index.php?rest_route=%2Fwp%2Fv2%2Fmedia&parent=826"}],"wp:term":[{"taxonomy":"product_cat","embeddable":true,"href":"https:\/\/ideallabo.dz\/index.php?rest_route=%2Fwp%2Fv2%2Fproduct_cat&post=826"},{"taxonomy":"product_tag","embeddable":true,"href":"https:\/\/ideallabo.dz\/index.php?rest_route=%2Fwp%2Fv2%2Fproduct_tag&post=826"}],"curies":[{"name":"wp","href":"https:\/\/api.w.org\/{rel}","templated":true}]}}