{"id":821,"date":"2024-11-21T13:48:44","date_gmt":"2024-11-21T13:48:44","guid":{"rendered":"https:\/\/ideallabo.dz\/?post_type=product&#038;p=821"},"modified":"2024-12-03T23:11:26","modified_gmt":"2024-12-03T23:11:26","slug":"aces-buffer-for-biochemistry-5g","status":"publish","type":"product","link":"https:\/\/ideallabo.dz\/?product=aces-buffer-for-biochemistry-5g","title":{"rendered":"ACES BUFFER FOR BIOCHEMISTRY 5g"},"content":{"rendered":"<p><strong>Le tampon ACES (2-amino-2-(hydroxym\u00e9thyl)-1,3-propanediol)<\/strong> est utilis\u00e9 en biochimie pour maintenir un pH stable dans les solutions biologiques et chimiques. Ce tampon est particuli\u00e8rement adapt\u00e9 pour les exp\u00e9riences n\u00e9cessitant un pH constant dans une gamme de 6,8 \u00e0 8,4, offrant ainsi une grande pr\u00e9cision et fiabilit\u00e9 dans les applications biologiques. Il est principalement utilis\u00e9 dans les milieux de culture cellulaire et les r\u00e9actions enzymatiques.<\/p>\n","protected":false},"excerpt":{"rendered":"<p><strong>Le tampon ACES<\/strong> pour biochimie de 5g est id\u00e9al pour maintenir un pH stable dans vos solutions biologiques. Il est particuli\u00e8rement utile dans les applications de culture cellulaire et d&rsquo;enzymologie, offrant une fiabilit\u00e9 exceptionnelle dans un large \u00e9ventail d&rsquo;exp\u00e9riences biologiques.<\/p>\n","protected":false},"featured_media":793,"template":"","meta":{"site-sidebar-layout":"default","site-content-layout":"","ast-site-content-layout":"default","site-content-style":"default","site-sidebar-style":"default","ast-global-header-display":"","ast-banner-title-visibility":"","ast-main-header-display":"","ast-hfb-above-header-display":"","ast-hfb-below-header-display":"","ast-hfb-mobile-header-display":"","site-post-title":"","ast-breadcrumbs-content":"","ast-featured-img":"","footer-sml-layout":"","theme-transparent-header-meta":"default","adv-header-id-meta":"","stick-header-meta":"","header-above-stick-meta":"","header-main-stick-meta":"","header-below-stick-meta":"","astra-migrate-meta-layouts":"set","ast-page-background-enabled":"default","ast-page-background-meta":{"desktop":{"background-color":"var(--ast-global-color-4)","background-image":"","background-repeat":"repeat","background-position":"center center","background-size":"auto","background-attachment":"scroll","background-type":"","background-media":"","overlay-type":"","overlay-color":"","overlay-opacity":"","overlay-gradient":""},"tablet":{"background-color":"","background-image":"","background-repeat":"repeat","background-position":"center center","background-size":"auto","background-attachment":"scroll","background-type":"","background-media":"","overlay-type":"","overlay-color":"","overlay-opacity":"","overlay-gradient":""},"mobile":{"background-color":"","background-image":"","background-repeat":"repeat","background-position":"center center","background-size":"auto","background-attachment":"scroll","background-type":"","background-media":"","overlay-type":"","overlay-color":"","overlay-opacity":"","overlay-gradient":""}},"ast-content-background-meta":{"desktop":{"background-color":"var(--ast-global-color-5)","background-image":"","background-repeat":"repeat","background-position":"center center","background-size":"auto","background-attachment":"scroll","background-type":"","background-media":"","overlay-type":"","overlay-color":"","overlay-opacity":"","overlay-gradient":""},"tablet":{"background-color":"var(--ast-global-color-5)","background-image":"","background-repeat":"repeat","background-position":"center center","background-size":"auto","background-attachment":"scroll","background-type":"","background-media":"","overlay-type":"","overlay-color":"","overlay-opacity":"","overlay-gradient":""},"mobile":{"background-color":"var(--ast-global-color-5)","background-image":"","background-repeat":"repeat","background-position":"center center","background-size":"auto","background-attachment":"scroll","background-type":"","background-media":"","overlay-type":"","overlay-color":"","overlay-opacity":"","overlay-gradient":""}}},"product_cat":[56,52],"product_tag":[97,101],"class_list":{"0":"post-821","1":"product","2":"type-product","3":"status-publish","4":"has-post-thumbnail","6":"product_cat-produits","7":"product_cat-produits-chimiques-reactifs","8":"product_tag-5g","9":"product_tag-produits-chimiques-reactifs","10":"desktop-align-center","11":"tablet-align-left","12":"mobile-align-left","14":"first","15":"instock","16":"shipping-taxable","17":"purchasable","18":"product-type-simple"},"_links":{"self":[{"href":"https:\/\/ideallabo.dz\/index.php?rest_route=\/wp\/v2\/product\/821","targetHints":{"allow":["GET"]}}],"collection":[{"href":"https:\/\/ideallabo.dz\/index.php?rest_route=\/wp\/v2\/product"}],"about":[{"href":"https:\/\/ideallabo.dz\/index.php?rest_route=\/wp\/v2\/types\/product"}],"wp:featuredmedia":[{"embeddable":true,"href":"https:\/\/ideallabo.dz\/index.php?rest_route=\/wp\/v2\/media\/793"}],"wp:attachment":[{"href":"https:\/\/ideallabo.dz\/index.php?rest_route=%2Fwp%2Fv2%2Fmedia&parent=821"}],"wp:term":[{"taxonomy":"product_cat","embeddable":true,"href":"https:\/\/ideallabo.dz\/index.php?rest_route=%2Fwp%2Fv2%2Fproduct_cat&post=821"},{"taxonomy":"product_tag","embeddable":true,"href":"https:\/\/ideallabo.dz\/index.php?rest_route=%2Fwp%2Fv2%2Fproduct_tag&post=821"}],"curies":[{"name":"wp","href":"https:\/\/api.w.org\/{rel}","templated":true}]}}