{"id":817,"date":"2024-11-21T13:44:14","date_gmt":"2024-11-21T13:44:14","guid":{"rendered":"https:\/\/ideallabo.dz\/?post_type=product&#038;p=817"},"modified":"2024-12-03T22:45:32","modified_gmt":"2024-12-03T22:45:32","slug":"barreaux-aimante-polygones-14-x-8-mm","status":"publish","type":"product","link":"https:\/\/ideallabo.dz\/?product=barreaux-aimante-polygones-14-x-8-mm","title":{"rendered":"BARREAUX AIMANTE POLYGONES 14 X 8 MM"},"content":{"rendered":"<p>Les barreaux aimant\u00e9s polygones de dimensions 14 x 8 mm sont sp\u00e9cialement con\u00e7us pour les agitateurs magn\u00e9tiques, offrant une agitation efficace m\u00eame dans des solutions visqueuses ou complexes. Leur forme polygonale unique am\u00e9liore le couplage magn\u00e9tique et g\u00e9n\u00e8re une turbulence accrue, assurant un m\u00e9lange homog\u00e8ne et rapide. Fabriqu\u00e9s avec des mat\u00e9riaux r\u00e9sistants, ils sont durables, faciles \u00e0 nettoyer et adapt\u00e9s \u00e0 un large \u00e9ventail d&rsquo;applications en chimie, biologie et laboratoires analytiques.<\/p>\n","protected":false},"excerpt":{"rendered":"<p>Barreau aimant\u00e9 polygonal, 14 x 8 mm. M\u00e9lange efficace avec turbulence accrue, id\u00e9al pour solutions complexes.<\/p>\n","protected":false},"featured_media":818,"template":"","meta":{"site-sidebar-layout":"default","site-content-layout":"","ast-site-content-layout":"default","site-content-style":"default","site-sidebar-style":"default","ast-global-header-display":"","ast-banner-title-visibility":"","ast-main-header-display":"","ast-hfb-above-header-display":"","ast-hfb-below-header-display":"","ast-hfb-mobile-header-display":"","site-post-title":"","ast-breadcrumbs-content":"","ast-featured-img":"","footer-sml-layout":"","theme-transparent-header-meta":"default","adv-header-id-meta":"","stick-header-meta":"","header-above-stick-meta":"","header-main-stick-meta":"","header-below-stick-meta":"","astra-migrate-meta-layouts":"set","ast-page-background-enabled":"default","ast-page-background-meta":{"desktop":{"background-color":"var(--ast-global-color-4)","background-image":"","background-repeat":"repeat","background-position":"center center","background-size":"auto","background-attachment":"scroll","background-type":"","background-media":"","overlay-type":"","overlay-color":"","overlay-opacity":"","overlay-gradient":""},"tablet":{"background-color":"","background-image":"","background-repeat":"repeat","background-position":"center center","background-size":"auto","background-attachment":"scroll","background-type":"","background-media":"","overlay-type":"","overlay-color":"","overlay-opacity":"","overlay-gradient":""},"mobile":{"background-color":"","background-image":"","background-repeat":"repeat","background-position":"center center","background-size":"auto","background-attachment":"scroll","background-type":"","background-media":"","overlay-type":"","overlay-color":"","overlay-opacity":"","overlay-gradient":""}},"ast-content-background-meta":{"desktop":{"background-color":"var(--ast-global-color-5)","background-image":"","background-repeat":"repeat","background-position":"center center","background-size":"auto","background-attachment":"scroll","background-type":"","background-media":"","overlay-type":"","overlay-color":"","overlay-opacity":"","overlay-gradient":""},"tablet":{"background-color":"var(--ast-global-color-5)","background-image":"","background-repeat":"repeat","background-position":"center center","background-size":"auto","background-attachment":"scroll","background-type":"","background-media":"","overlay-type":"","overlay-color":"","overlay-opacity":"","overlay-gradient":""},"mobile":{"background-color":"var(--ast-global-color-5)","background-image":"","background-repeat":"repeat","background-position":"center center","background-size":"auto","background-attachment":"scroll","background-type":"","background-media":"","overlay-type":"","overlay-color":"","overlay-opacity":"","overlay-gradient":""}}},"product_cat":[54],"product_tag":[100],"class_list":{"0":"post-817","1":"product","2":"type-product","3":"status-publish","4":"has-post-thumbnail","6":"product_cat-consommables","7":"product_tag-consommables","8":"desktop-align-center","9":"tablet-align-left","10":"mobile-align-left","12":"first","13":"instock","14":"shipping-taxable","15":"purchasable","16":"product-type-simple"},"_links":{"self":[{"href":"https:\/\/ideallabo.dz\/index.php?rest_route=\/wp\/v2\/product\/817","targetHints":{"allow":["GET"]}}],"collection":[{"href":"https:\/\/ideallabo.dz\/index.php?rest_route=\/wp\/v2\/product"}],"about":[{"href":"https:\/\/ideallabo.dz\/index.php?rest_route=\/wp\/v2\/types\/product"}],"wp:featuredmedia":[{"embeddable":true,"href":"https:\/\/ideallabo.dz\/index.php?rest_route=\/wp\/v2\/media\/818"}],"wp:attachment":[{"href":"https:\/\/ideallabo.dz\/index.php?rest_route=%2Fwp%2Fv2%2Fmedia&parent=817"}],"wp:term":[{"taxonomy":"product_cat","embeddable":true,"href":"https:\/\/ideallabo.dz\/index.php?rest_route=%2Fwp%2Fv2%2Fproduct_cat&post=817"},{"taxonomy":"product_tag","embeddable":true,"href":"https:\/\/ideallabo.dz\/index.php?rest_route=%2Fwp%2Fv2%2Fproduct_tag&post=817"}],"curies":[{"name":"wp","href":"https:\/\/api.w.org\/{rel}","templated":true}]}}