{"id":808,"date":"2024-11-21T13:34:55","date_gmt":"2024-11-21T13:34:55","guid":{"rendered":"https:\/\/ideallabo.dz\/?post_type=product&#038;p=808"},"modified":"2024-12-03T22:43:10","modified_gmt":"2024-12-03T22:43:10","slug":"ballon-evaporation-en-verre-borosil-3-3-100-ml","status":"publish","type":"product","link":"https:\/\/ideallabo.dz\/?product=ballon-evaporation-en-verre-borosil-3-3-100-ml","title":{"rendered":"BALLON EVAPORATION EN VERRE BOROSIL 3.3 100 ML"},"content":{"rendered":"<p>Le ballon d&rsquo;\u00e9vaporation en verre borosilicat\u00e9 3.3, d&rsquo;une capacit\u00e9 de 100 ml, est sp\u00e9cialement con\u00e7u pour les processus d&rsquo;\u00e9vaporation et de distillation en laboratoire. Gr\u00e2ce \u00e0 sa haute r\u00e9sistance thermique et chimique, il est id\u00e9al pour les utilisations sous vide ou \u00e0 des temp\u00e9ratures \u00e9lev\u00e9es. Fabriqu\u00e9 en verre borosilicat\u00e9 de qualit\u00e9 sup\u00e9rieure, il garantit une durabilit\u00e9 et une performance optimales, m\u00eame dans les conditions les plus exigeantes. Ce ballon est compatible avec les syst\u00e8mes d&rsquo;\u00e9vaporation rotative et autres montages de distillation.<\/p>\n","protected":false},"excerpt":{"rendered":"<p>Ballon d&rsquo;\u00e9vaporation en verre borosilicat\u00e9 3.3, 100 ml. R\u00e9sistant \u00e0 la chaleur et aux produits chimiques, id\u00e9al pour distillation et \u00e9vaporation.<\/p>\n","protected":false},"featured_media":809,"template":"","meta":{"site-sidebar-layout":"default","site-content-layout":"","ast-site-content-layout":"default","site-content-style":"default","site-sidebar-style":"default","ast-global-header-display":"","ast-banner-title-visibility":"","ast-main-header-display":"","ast-hfb-above-header-display":"","ast-hfb-below-header-display":"","ast-hfb-mobile-header-display":"","site-post-title":"","ast-breadcrumbs-content":"","ast-featured-img":"","footer-sml-layout":"","theme-transparent-header-meta":"default","adv-header-id-meta":"","stick-header-meta":"","header-above-stick-meta":"","header-main-stick-meta":"","header-below-stick-meta":"","astra-migrate-meta-layouts":"set","ast-page-background-enabled":"default","ast-page-background-meta":{"desktop":{"background-color":"var(--ast-global-color-4)","background-image":"","background-repeat":"repeat","background-position":"center center","background-size":"auto","background-attachment":"scroll","background-type":"","background-media":"","overlay-type":"","overlay-color":"","overlay-opacity":"","overlay-gradient":""},"tablet":{"background-color":"","background-image":"","background-repeat":"repeat","background-position":"center center","background-size":"auto","background-attachment":"scroll","background-type":"","background-media":"","overlay-type":"","overlay-color":"","overlay-opacity":"","overlay-gradient":""},"mobile":{"background-color":"","background-image":"","background-repeat":"repeat","background-position":"center center","background-size":"auto","background-attachment":"scroll","background-type":"","background-media":"","overlay-type":"","overlay-color":"","overlay-opacity":"","overlay-gradient":""}},"ast-content-background-meta":{"desktop":{"background-color":"var(--ast-global-color-5)","background-image":"","background-repeat":"repeat","background-position":"center center","background-size":"auto","background-attachment":"scroll","background-type":"","background-media":"","overlay-type":"","overlay-color":"","overlay-opacity":"","overlay-gradient":""},"tablet":{"background-color":"var(--ast-global-color-5)","background-image":"","background-repeat":"repeat","background-position":"center center","background-size":"auto","background-attachment":"scroll","background-type":"","background-media":"","overlay-type":"","overlay-color":"","overlay-opacity":"","overlay-gradient":""},"mobile":{"background-color":"var(--ast-global-color-5)","background-image":"","background-repeat":"repeat","background-position":"center center","background-size":"auto","background-attachment":"scroll","background-type":"","background-media":"","overlay-type":"","overlay-color":"","overlay-opacity":"","overlay-gradient":""}}},"product_cat":[54,55],"product_tag":[100],"class_list":{"0":"post-808","1":"product","2":"type-product","3":"status-publish","4":"has-post-thumbnail","6":"product_cat-consommables","7":"product_cat-verreries","8":"product_tag-consommables","9":"desktop-align-center","10":"tablet-align-left","11":"mobile-align-left","13":"first","14":"instock","15":"shipping-taxable","16":"purchasable","17":"product-type-simple"},"_links":{"self":[{"href":"https:\/\/ideallabo.dz\/index.php?rest_route=\/wp\/v2\/product\/808","targetHints":{"allow":["GET"]}}],"collection":[{"href":"https:\/\/ideallabo.dz\/index.php?rest_route=\/wp\/v2\/product"}],"about":[{"href":"https:\/\/ideallabo.dz\/index.php?rest_route=\/wp\/v2\/types\/product"}],"wp:featuredmedia":[{"embeddable":true,"href":"https:\/\/ideallabo.dz\/index.php?rest_route=\/wp\/v2\/media\/809"}],"wp:attachment":[{"href":"https:\/\/ideallabo.dz\/index.php?rest_route=%2Fwp%2Fv2%2Fmedia&parent=808"}],"wp:term":[{"taxonomy":"product_cat","embeddable":true,"href":"https:\/\/ideallabo.dz\/index.php?rest_route=%2Fwp%2Fv2%2Fproduct_cat&post=808"},{"taxonomy":"product_tag","embeddable":true,"href":"https:\/\/ideallabo.dz\/index.php?rest_route=%2Fwp%2Fv2%2Fproduct_tag&post=808"}],"curies":[{"name":"wp","href":"https:\/\/api.w.org\/{rel}","templated":true}]}}