{"id":785,"date":"2024-11-21T11:40:41","date_gmt":"2024-11-21T11:40:41","guid":{"rendered":"https:\/\/ideallabo.dz\/?post_type=product&#038;p=785"},"modified":"2024-12-03T22:42:52","modified_gmt":"2024-12-03T22:42:52","slug":"ampoule-a-decanter-en-verre-f-globe-borosil-3-3","status":"publish","type":"product","link":"https:\/\/ideallabo.dz\/?product=ampoule-a-decanter-en-verre-f-globe-borosil-3-3","title":{"rendered":"AMPOULE A DECANTER EN VERRE F.GLOBE BOROSIL 3.3"},"content":{"rendered":"<p><strong>Cette ampoule \u00e0 d\u00e9canter<\/strong> est fabriqu\u00e9e en verre borosilicat\u00e9 3.3, reconnu pour sa r\u00e9sistance thermique, chimique et m\u00e9canique. Avec sa forme sph\u00e9rique, elle permet une s\u00e9paration efficace des liquides de diff\u00e9rentes densit\u00e9s ou immiscibles. Id\u00e9ale pour une utilisation en laboratoire, elle offre une pr\u00e9cision et une durabilit\u00e9 optimales.<\/p>\n","protected":false},"excerpt":{"rendered":"<p><strong>Cette ampoule \u00e0 d\u00e9canter<\/strong>\u00a0 est un Ampoule \u00e0 d\u00e9canter en verre borosilicat\u00e9 3.3, r\u00e9sistante, durable et con\u00e7ue pour s\u00e9parer les liquides en laboratoire.<\/p>\n","protected":false},"featured_media":786,"template":"","meta":{"site-sidebar-layout":"default","site-content-layout":"","ast-site-content-layout":"default","site-content-style":"default","site-sidebar-style":"default","ast-global-header-display":"","ast-banner-title-visibility":"","ast-main-header-display":"","ast-hfb-above-header-display":"","ast-hfb-below-header-display":"","ast-hfb-mobile-header-display":"","site-post-title":"","ast-breadcrumbs-content":"","ast-featured-img":"","footer-sml-layout":"","theme-transparent-header-meta":"default","adv-header-id-meta":"","stick-header-meta":"","header-above-stick-meta":"","header-main-stick-meta":"","header-below-stick-meta":"","astra-migrate-meta-layouts":"set","ast-page-background-enabled":"default","ast-page-background-meta":{"desktop":{"background-color":"var(--ast-global-color-4)","background-image":"","background-repeat":"repeat","background-position":"center center","background-size":"auto","background-attachment":"scroll","background-type":"","background-media":"","overlay-type":"","overlay-color":"","overlay-opacity":"","overlay-gradient":""},"tablet":{"background-color":"","background-image":"","background-repeat":"repeat","background-position":"center center","background-size":"auto","background-attachment":"scroll","background-type":"","background-media":"","overlay-type":"","overlay-color":"","overlay-opacity":"","overlay-gradient":""},"mobile":{"background-color":"","background-image":"","background-repeat":"repeat","background-position":"center center","background-size":"auto","background-attachment":"scroll","background-type":"","background-media":"","overlay-type":"","overlay-color":"","overlay-opacity":"","overlay-gradient":""}},"ast-content-background-meta":{"desktop":{"background-color":"var(--ast-global-color-5)","background-image":"","background-repeat":"repeat","background-position":"center center","background-size":"auto","background-attachment":"scroll","background-type":"","background-media":"","overlay-type":"","overlay-color":"","overlay-opacity":"","overlay-gradient":""},"tablet":{"background-color":"var(--ast-global-color-5)","background-image":"","background-repeat":"repeat","background-position":"center center","background-size":"auto","background-attachment":"scroll","background-type":"","background-media":"","overlay-type":"","overlay-color":"","overlay-opacity":"","overlay-gradient":""},"mobile":{"background-color":"var(--ast-global-color-5)","background-image":"","background-repeat":"repeat","background-position":"center center","background-size":"auto","background-attachment":"scroll","background-type":"","background-media":"","overlay-type":"","overlay-color":"","overlay-opacity":"","overlay-gradient":""}}},"product_cat":[54,56,55],"product_tag":[93,89,95],"class_list":{"0":"post-785","1":"product","2":"type-product","3":"status-publish","4":"has-post-thumbnail","6":"product_cat-consommables","7":"product_cat-produits","8":"product_cat-verreries","9":"product_tag-125-ml","10":"product_tag-250ml","11":"product_tag-500-ml","12":"desktop-align-center","13":"tablet-align-left","14":"mobile-align-left","16":"first","17":"instock","18":"shipping-taxable","19":"purchasable","20":"product-type-simple"},"_links":{"self":[{"href":"https:\/\/ideallabo.dz\/index.php?rest_route=\/wp\/v2\/product\/785","targetHints":{"allow":["GET"]}}],"collection":[{"href":"https:\/\/ideallabo.dz\/index.php?rest_route=\/wp\/v2\/product"}],"about":[{"href":"https:\/\/ideallabo.dz\/index.php?rest_route=\/wp\/v2\/types\/product"}],"wp:featuredmedia":[{"embeddable":true,"href":"https:\/\/ideallabo.dz\/index.php?rest_route=\/wp\/v2\/media\/786"}],"wp:attachment":[{"href":"https:\/\/ideallabo.dz\/index.php?rest_route=%2Fwp%2Fv2%2Fmedia&parent=785"}],"wp:term":[{"taxonomy":"product_cat","embeddable":true,"href":"https:\/\/ideallabo.dz\/index.php?rest_route=%2Fwp%2Fv2%2Fproduct_cat&post=785"},{"taxonomy":"product_tag","embeddable":true,"href":"https:\/\/ideallabo.dz\/index.php?rest_route=%2Fwp%2Fv2%2Fproduct_tag&post=785"}],"curies":[{"name":"wp","href":"https:\/\/api.w.org\/{rel}","templated":true}]}}