{"id":783,"date":"2024-11-21T11:21:48","date_gmt":"2024-11-21T11:21:48","guid":{"rendered":"https:\/\/ideallabo.dz\/?post_type=product&#038;p=783"},"modified":"2024-12-03T22:43:00","modified_gmt":"2024-12-03T22:43:00","slug":"ampoule-a-decanter-en-verre-f-poire-borosil-3-3","status":"publish","type":"product","link":"https:\/\/ideallabo.dz\/?product=ampoule-a-decanter-en-verre-f-poire-borosil-3-3","title":{"rendered":"AMPOULE A DECANTER EN VERRE F.POIRE BOROSIL 3.3"},"content":{"rendered":"<p>L&rsquo;<strong>ampoule \u00e0 d\u00e9canter en verre F. Poire en borosilicate 3.3<\/strong> est un instrument de laboratoire con\u00e7u pour s\u00e9parer des liquides de densit\u00e9s diff\u00e9rentes ou extraire des compos\u00e9s sp\u00e9cifiques. Fabriqu\u00e9e en verre borosilicate de qualit\u00e9 3.3, elle offre une excellente r\u00e9sistance thermique et chimique, la rendant id\u00e9ale pour des applications exigeantes en chimie, biologie et pharmacologie. Elle est dot\u00e9e d\u2019une forme poire pour faciliter la d\u00e9cantation et d\u2019un robinet pour un contr\u00f4le pr\u00e9cis du d\u00e9bit.<\/p>\n","protected":false},"excerpt":{"rendered":"<p>L&rsquo;<strong>ampoule \u00e0 d\u00e9canter en verre F. Poire en borosilicate 3.3 <\/strong>est un Ampoule \u00e0 d\u00e9canter en verre borosilicate 3.3, r\u00e9sistante \u00e0 la chaleur et aux produits chimiques, id\u00e9ale pour la s\u00e9paration de liquides et les analyses de laboratoire.<\/p>\n","protected":false},"featured_media":784,"template":"","meta":{"site-sidebar-layout":"default","site-content-layout":"","ast-site-content-layout":"default","site-content-style":"default","site-sidebar-style":"default","ast-global-header-display":"","ast-banner-title-visibility":"","ast-main-header-display":"","ast-hfb-above-header-display":"","ast-hfb-below-header-display":"","ast-hfb-mobile-header-display":"","site-post-title":"","ast-breadcrumbs-content":"","ast-featured-img":"","footer-sml-layout":"","theme-transparent-header-meta":"default","adv-header-id-meta":"","stick-header-meta":"","header-above-stick-meta":"","header-main-stick-meta":"","header-below-stick-meta":"","astra-migrate-meta-layouts":"set","ast-page-background-enabled":"default","ast-page-background-meta":{"desktop":{"background-color":"var(--ast-global-color-4)","background-image":"","background-repeat":"repeat","background-position":"center center","background-size":"auto","background-attachment":"scroll","background-type":"","background-media":"","overlay-type":"","overlay-color":"","overlay-opacity":"","overlay-gradient":""},"tablet":{"background-color":"","background-image":"","background-repeat":"repeat","background-position":"center center","background-size":"auto","background-attachment":"scroll","background-type":"","background-media":"","overlay-type":"","overlay-color":"","overlay-opacity":"","overlay-gradient":""},"mobile":{"background-color":"","background-image":"","background-repeat":"repeat","background-position":"center center","background-size":"auto","background-attachment":"scroll","background-type":"","background-media":"","overlay-type":"","overlay-color":"","overlay-opacity":"","overlay-gradient":""}},"ast-content-background-meta":{"desktop":{"background-color":"var(--ast-global-color-5)","background-image":"","background-repeat":"repeat","background-position":"center center","background-size":"auto","background-attachment":"scroll","background-type":"","background-media":"","overlay-type":"","overlay-color":"","overlay-opacity":"","overlay-gradient":""},"tablet":{"background-color":"var(--ast-global-color-5)","background-image":"","background-repeat":"repeat","background-position":"center center","background-size":"auto","background-attachment":"scroll","background-type":"","background-media":"","overlay-type":"","overlay-color":"","overlay-opacity":"","overlay-gradient":""},"mobile":{"background-color":"var(--ast-global-color-5)","background-image":"","background-repeat":"repeat","background-position":"center center","background-size":"auto","background-attachment":"scroll","background-type":"","background-media":"","overlay-type":"","overlay-color":"","overlay-opacity":"","overlay-gradient":""}}},"product_cat":[54,56,55],"product_tag":[96,93,94,95,92],"class_list":{"0":"post-783","1":"product","2":"type-product","3":"status-publish","4":"has-post-thumbnail","6":"product_cat-consommables","7":"product_cat-produits","8":"product_cat-verreries","9":"product_tag-1000-ml","10":"product_tag-125-ml","11":"product_tag-250-ml","12":"product_tag-500-ml","13":"product_tag-60-ml","14":"desktop-align-center","15":"tablet-align-left","16":"mobile-align-left","18":"first","19":"instock","20":"shipping-taxable","21":"purchasable","22":"product-type-simple"},"_links":{"self":[{"href":"https:\/\/ideallabo.dz\/index.php?rest_route=\/wp\/v2\/product\/783","targetHints":{"allow":["GET"]}}],"collection":[{"href":"https:\/\/ideallabo.dz\/index.php?rest_route=\/wp\/v2\/product"}],"about":[{"href":"https:\/\/ideallabo.dz\/index.php?rest_route=\/wp\/v2\/types\/product"}],"wp:featuredmedia":[{"embeddable":true,"href":"https:\/\/ideallabo.dz\/index.php?rest_route=\/wp\/v2\/media\/784"}],"wp:attachment":[{"href":"https:\/\/ideallabo.dz\/index.php?rest_route=%2Fwp%2Fv2%2Fmedia&parent=783"}],"wp:term":[{"taxonomy":"product_cat","embeddable":true,"href":"https:\/\/ideallabo.dz\/index.php?rest_route=%2Fwp%2Fv2%2Fproduct_cat&post=783"},{"taxonomy":"product_tag","embeddable":true,"href":"https:\/\/ideallabo.dz\/index.php?rest_route=%2Fwp%2Fv2%2Fproduct_tag&post=783"}],"curies":[{"name":"wp","href":"https:\/\/api.w.org\/{rel}","templated":true}]}}