{"id":781,"date":"2024-11-21T10:32:11","date_gmt":"2024-11-21T10:32:11","guid":{"rendered":"https:\/\/ideallabo.dz\/?post_type=product&#038;p=781"},"modified":"2024-12-03T22:57:34","modified_gmt":"2024-12-03T22:57:34","slug":"gelose-mac-conkey","status":"publish","type":"product","link":"https:\/\/ideallabo.dz\/?product=gelose-mac-conkey","title":{"rendered":"G\u00e9lose Mac Conkey"},"content":{"rendered":"<p><strong>La g\u00e9lose Mac Conkey<\/strong> est un milieu s\u00e9lectif et diff\u00e9rentiel permettant la croissance des bact\u00e9ries \u00e0 Gram n\u00e9gatif et la diff\u00e9renciation entre les bact\u00e9ries lactose-fermentantes et non fermentantes gr\u00e2ce \u00e0 un changement de couleur du milieu.<\/p>\n","protected":false},"excerpt":{"rendered":"<p><strong>La g\u00e9lose Mac Conkey<\/strong> est un Milieu s\u00e9lectif et diff\u00e9rentiel pour bact\u00e9ries Gram n\u00e9gatif et fermentation du lactose.<\/p>\n","protected":false},"featured_media":645,"template":"","meta":{"site-sidebar-layout":"default","site-content-layout":"","ast-site-content-layout":"default","site-content-style":"default","site-sidebar-style":"default","ast-global-header-display":"","ast-banner-title-visibility":"","ast-main-header-display":"","ast-hfb-above-header-display":"","ast-hfb-below-header-display":"","ast-hfb-mobile-header-display":"","site-post-title":"","ast-breadcrumbs-content":"","ast-featured-img":"","footer-sml-layout":"","theme-transparent-header-meta":"default","adv-header-id-meta":"","stick-header-meta":"","header-above-stick-meta":"","header-main-stick-meta":"","header-below-stick-meta":"","astra-migrate-meta-layouts":"set","ast-page-background-enabled":"default","ast-page-background-meta":{"desktop":{"background-color":"var(--ast-global-color-4)","background-image":"","background-repeat":"repeat","background-position":"center center","background-size":"auto","background-attachment":"scroll","background-type":"","background-media":"","overlay-type":"","overlay-color":"","overlay-opacity":"","overlay-gradient":""},"tablet":{"background-color":"","background-image":"","background-repeat":"repeat","background-position":"center center","background-size":"auto","background-attachment":"scroll","background-type":"","background-media":"","overlay-type":"","overlay-color":"","overlay-opacity":"","overlay-gradient":""},"mobile":{"background-color":"","background-image":"","background-repeat":"repeat","background-position":"center center","background-size":"auto","background-attachment":"scroll","background-type":"","background-media":"","overlay-type":"","overlay-color":"","overlay-opacity":"","overlay-gradient":""}},"ast-content-background-meta":{"desktop":{"background-color":"var(--ast-global-color-5)","background-image":"","background-repeat":"repeat","background-position":"center center","background-size":"auto","background-attachment":"scroll","background-type":"","background-media":"","overlay-type":"","overlay-color":"","overlay-opacity":"","overlay-gradient":""},"tablet":{"background-color":"var(--ast-global-color-5)","background-image":"","background-repeat":"repeat","background-position":"center center","background-size":"auto","background-attachment":"scroll","background-type":"","background-media":"","overlay-type":"","overlay-color":"","overlay-opacity":"","overlay-gradient":""},"mobile":{"background-color":"var(--ast-global-color-5)","background-image":"","background-repeat":"repeat","background-position":"center center","background-size":"auto","background-attachment":"scroll","background-type":"","background-media":"","overlay-type":"","overlay-color":"","overlay-opacity":"","overlay-gradient":""}}},"product_cat":[51,45,56],"product_tag":[62,58,60,64],"class_list":{"0":"post-781","1":"product","2":"type-product","3":"status-publish","4":"has-post-thumbnail","6":"product_cat-deshydrates","7":"product_cat-milieux-de-culture","8":"product_cat-produits","9":"product_tag-500g","10":"product_tag-gelose","11":"product_tag-milieux-de-culture","12":"product_tag-pret-a-lemploi","13":"desktop-align-center","14":"tablet-align-left","15":"mobile-align-left","17":"first","18":"instock","19":"shipping-taxable","20":"purchasable","21":"product-type-simple"},"_links":{"self":[{"href":"https:\/\/ideallabo.dz\/index.php?rest_route=\/wp\/v2\/product\/781","targetHints":{"allow":["GET"]}}],"collection":[{"href":"https:\/\/ideallabo.dz\/index.php?rest_route=\/wp\/v2\/product"}],"about":[{"href":"https:\/\/ideallabo.dz\/index.php?rest_route=\/wp\/v2\/types\/product"}],"wp:featuredmedia":[{"embeddable":true,"href":"https:\/\/ideallabo.dz\/index.php?rest_route=\/wp\/v2\/media\/645"}],"wp:attachment":[{"href":"https:\/\/ideallabo.dz\/index.php?rest_route=%2Fwp%2Fv2%2Fmedia&parent=781"}],"wp:term":[{"taxonomy":"product_cat","embeddable":true,"href":"https:\/\/ideallabo.dz\/index.php?rest_route=%2Fwp%2Fv2%2Fproduct_cat&post=781"},{"taxonomy":"product_tag","embeddable":true,"href":"https:\/\/ideallabo.dz\/index.php?rest_route=%2Fwp%2Fv2%2Fproduct_tag&post=781"}],"curies":[{"name":"wp","href":"https:\/\/api.w.org\/{rel}","templated":true}]}}