{"id":763,"date":"2024-11-21T00:08:30","date_gmt":"2024-11-21T00:08:30","guid":{"rendered":"https:\/\/ideallabo.dz\/?post_type=product&#038;p=763"},"modified":"2024-12-09T05:28:38","modified_gmt":"2024-12-09T05:28:38","slug":"colorant-bleu-de-methylene-gouttes-15ml","status":"publish","type":"product","link":"https:\/\/ideallabo.dz\/?product=colorant-bleu-de-methylene-gouttes-15ml","title":{"rendered":"Colorant Bleu de M\u00e9thyl\u00e8ne gouttes 15ml"},"content":{"rendered":"<p>Le <strong>Colorant Bleu de M\u00e9thyl\u00e8ne Flacon gouttes 15ml<\/strong> est une solution aqueuse de bleu de m\u00e9thyl\u00e8ne, un colorant largement utilis\u00e9 en microbiologie et en histologie pour la coloration des cellules et des tissus. Il est \u00e9galement utilis\u00e9 en laboratoire comme indicateur redox et pour visualiser certaines structures cellulaires. Sa forme en gouttes permet une utilisation pr\u00e9cise et dos\u00e9e, id\u00e9ale pour des applications en petites quantit\u00e9s, comme dans les tests de laboratoire et les observations microscopiques.<\/p>\n","protected":false},"excerpt":{"rendered":"<p>Le <strong>Colorant Bleu de M\u00e9thyl\u00e8ne Flacon gouttes 15ml<\/strong> est une solution aqueuse de bleu de m\u00e9thyl\u00e8ne, un colorant largement utilis\u00e9 en microbiologie et en histologie pour la coloration des cellules et des tissus. Il est \u00e9galement utilis\u00e9 en laboratoire comme indicateur redox et pour visualiser certaines structures cellulaires. Sa forme en gouttes permet une utilisation pr\u00e9cise et dos\u00e9e, id\u00e9ale pour des applications en petites quantit\u00e9s, comme dans les tests de laboratoire et les observations microscopiques.<\/p>\n","protected":false},"featured_media":764,"template":"","meta":{"site-sidebar-layout":"default","site-content-layout":"","ast-site-content-layout":"default","site-content-style":"default","site-sidebar-style":"default","ast-global-header-display":"","ast-banner-title-visibility":"","ast-main-header-display":"","ast-hfb-above-header-display":"","ast-hfb-below-header-display":"","ast-hfb-mobile-header-display":"","site-post-title":"","ast-breadcrumbs-content":"","ast-featured-img":"","footer-sml-layout":"","theme-transparent-header-meta":"default","adv-header-id-meta":"","stick-header-meta":"","header-above-stick-meta":"","header-main-stick-meta":"","header-below-stick-meta":"","astra-migrate-meta-layouts":"set","ast-page-background-enabled":"default","ast-page-background-meta":{"desktop":{"background-color":"var(--ast-global-color-4)","background-image":"","background-repeat":"repeat","background-position":"center center","background-size":"auto","background-attachment":"scroll","background-type":"","background-media":"","overlay-type":"","overlay-color":"","overlay-opacity":"","overlay-gradient":""},"tablet":{"background-color":"","background-image":"","background-repeat":"repeat","background-position":"center center","background-size":"auto","background-attachment":"scroll","background-type":"","background-media":"","overlay-type":"","overlay-color":"","overlay-opacity":"","overlay-gradient":""},"mobile":{"background-color":"","background-image":"","background-repeat":"repeat","background-position":"center center","background-size":"auto","background-attachment":"scroll","background-type":"","background-media":"","overlay-type":"","overlay-color":"","overlay-opacity":"","overlay-gradient":""}},"ast-content-background-meta":{"desktop":{"background-color":"var(--ast-global-color-5)","background-image":"","background-repeat":"repeat","background-position":"center center","background-size":"auto","background-attachment":"scroll","background-type":"","background-media":"","overlay-type":"","overlay-color":"","overlay-opacity":"","overlay-gradient":""},"tablet":{"background-color":"var(--ast-global-color-5)","background-image":"","background-repeat":"repeat","background-position":"center center","background-size":"auto","background-attachment":"scroll","background-type":"","background-media":"","overlay-type":"","overlay-color":"","overlay-opacity":"","overlay-gradient":""},"mobile":{"background-color":"var(--ast-global-color-5)","background-image":"","background-repeat":"repeat","background-position":"center center","background-size":"auto","background-attachment":"scroll","background-type":"","background-media":"","overlay-type":"","overlay-color":"","overlay-opacity":"","overlay-gradient":""}}},"product_cat":[50],"product_tag":[91,87,75,90],"class_list":{"0":"post-763","1":"product","2":"type-product","3":"status-publish","4":"has-post-thumbnail","6":"product_cat-colorants","7":"product_tag-15ml","8":"product_tag-colorants","9":"product_tag-falcon","10":"product_tag-gouttes","11":"desktop-align-center","12":"tablet-align-left","13":"mobile-align-left","15":"first","16":"instock","17":"shipping-taxable","18":"purchasable","19":"product-type-simple"},"_links":{"self":[{"href":"https:\/\/ideallabo.dz\/index.php?rest_route=\/wp\/v2\/product\/763","targetHints":{"allow":["GET"]}}],"collection":[{"href":"https:\/\/ideallabo.dz\/index.php?rest_route=\/wp\/v2\/product"}],"about":[{"href":"https:\/\/ideallabo.dz\/index.php?rest_route=\/wp\/v2\/types\/product"}],"wp:featuredmedia":[{"embeddable":true,"href":"https:\/\/ideallabo.dz\/index.php?rest_route=\/wp\/v2\/media\/764"}],"wp:attachment":[{"href":"https:\/\/ideallabo.dz\/index.php?rest_route=%2Fwp%2Fv2%2Fmedia&parent=763"}],"wp:term":[{"taxonomy":"product_cat","embeddable":true,"href":"https:\/\/ideallabo.dz\/index.php?rest_route=%2Fwp%2Fv2%2Fproduct_cat&post=763"},{"taxonomy":"product_tag","embeddable":true,"href":"https:\/\/ideallabo.dz\/index.php?rest_route=%2Fwp%2Fv2%2Fproduct_tag&post=763"}],"curies":[{"name":"wp","href":"https:\/\/api.w.org\/{rel}","templated":true}]}}