{"id":724,"date":"2024-11-20T23:21:58","date_gmt":"2024-11-20T23:21:58","guid":{"rendered":"https:\/\/ideallabo.dz\/?post_type=product&#038;p=724"},"modified":"2024-12-03T22:52:32","modified_gmt":"2024-12-03T22:52:32","slug":"cryo-thermostat-a-circulation-daihan-scientific-wise-circu-wcr","status":"publish","type":"product","link":"https:\/\/ideallabo.dz\/?product=cryo-thermostat-a-circulation-daihan-scientific-wise-circu-wcr","title":{"rendered":"CRYO-THERMOSTAT A CIRCULATION DAIHAN SCIENTIFIC WISE CIRCU WCR"},"content":{"rendered":"<p>Le <strong>Cryo-thermostat \u00e0 circulation DAIHAN SCIENTIFIC WISE CIRCU WCR<\/strong> est un appareil de laboratoire con\u00e7u pour maintenir une temp\u00e9rature constante dans une plage de <strong>-20 \u00e0 +100\u00b0C<\/strong>. Il offre une <strong>pr\u00e9cision de \u00b10,1\u00b0C<\/strong>, ce qui permet un contr\u00f4le thermique tr\u00e8s pr\u00e9cis pour des applications sensibles. Sa <strong>capacit\u00e9 de 6 L<\/strong> et son syst\u00e8me de circulation garantissent une temp\u00e9rature homog\u00e8ne et un fluide de travail stable. Ce cryo-thermostat est id\u00e9al pour les exp\u00e9riences n\u00e9cessitant des conditions thermiques contr\u00f4l\u00e9es, telles que les tests de r\u00e9actions chimiques ou de conservation de mat\u00e9riaux \u00e0 temp\u00e9rature variable.<\/p>\n","protected":false},"excerpt":{"rendered":"<p>Le Cryo-thermostat \u00e0 circulation DAIHAN SCIENTIFIC WISE CIRCU WCR est un appareil de laboratoire con\u00e7u pour maintenir une temp\u00e9rature constante dans une plage de -20 \u00e0 +100\u00b0C. Il offre une pr\u00e9cision de \u00b10,1\u00b0C, ce qui permet un contr\u00f4le thermique tr\u00e8s pr\u00e9cis pour des applications sensibles. Sa capacit\u00e9 de 6 L et son syst\u00e8me de circulation garantissent une temp\u00e9rature homog\u00e8ne et un fluide de travail stable. Ce cryo-thermostat est id\u00e9al pour les exp\u00e9riences n\u00e9cessitant des conditions thermiques contr\u00f4l\u00e9es, telles que les tests de r\u00e9actions chimiques ou de conservation de mat\u00e9riaux \u00e0 temp\u00e9rature variable.<\/p>\n","protected":false},"featured_media":725,"template":"","meta":{"site-sidebar-layout":"default","site-content-layout":"","ast-site-content-layout":"default","site-content-style":"default","site-sidebar-style":"default","ast-global-header-display":"","ast-banner-title-visibility":"","ast-main-header-display":"","ast-hfb-above-header-display":"","ast-hfb-below-header-display":"","ast-hfb-mobile-header-display":"","site-post-title":"","ast-breadcrumbs-content":"","ast-featured-img":"","footer-sml-layout":"","theme-transparent-header-meta":"default","adv-header-id-meta":"","stick-header-meta":"","header-above-stick-meta":"","header-main-stick-meta":"","header-below-stick-meta":"","astra-migrate-meta-layouts":"set","ast-page-background-enabled":"default","ast-page-background-meta":{"desktop":{"background-color":"var(--ast-global-color-4)","background-image":"","background-repeat":"repeat","background-position":"center center","background-size":"auto","background-attachment":"scroll","background-type":"","background-media":"","overlay-type":"","overlay-color":"","overlay-opacity":"","overlay-gradient":""},"tablet":{"background-color":"","background-image":"","background-repeat":"repeat","background-position":"center center","background-size":"auto","background-attachment":"scroll","background-type":"","background-media":"","overlay-type":"","overlay-color":"","overlay-opacity":"","overlay-gradient":""},"mobile":{"background-color":"","background-image":"","background-repeat":"repeat","background-position":"center center","background-size":"auto","background-attachment":"scroll","background-type":"","background-media":"","overlay-type":"","overlay-color":"","overlay-opacity":"","overlay-gradient":""}},"ast-content-background-meta":{"desktop":{"background-color":"var(--ast-global-color-5)","background-image":"","background-repeat":"repeat","background-position":"center center","background-size":"auto","background-attachment":"scroll","background-type":"","background-media":"","overlay-type":"","overlay-color":"","overlay-opacity":"","overlay-gradient":""},"tablet":{"background-color":"var(--ast-global-color-5)","background-image":"","background-repeat":"repeat","background-position":"center center","background-size":"auto","background-attachment":"scroll","background-type":"","background-media":"","overlay-type":"","overlay-color":"","overlay-opacity":"","overlay-gradient":""},"mobile":{"background-color":"var(--ast-global-color-5)","background-image":"","background-repeat":"repeat","background-position":"center center","background-size":"auto","background-attachment":"scroll","background-type":"","background-media":"","overlay-type":"","overlay-color":"","overlay-opacity":"","overlay-gradient":""}}},"product_cat":[53],"product_tag":[86],"class_list":{"0":"post-724","1":"product","2":"type-product","3":"status-publish","4":"has-post-thumbnail","6":"product_cat-equipments","7":"product_tag-bainmarie","8":"desktop-align-center","9":"tablet-align-left","10":"mobile-align-left","12":"first","13":"instock","14":"shipping-taxable","15":"purchasable","16":"product-type-simple"},"_links":{"self":[{"href":"https:\/\/ideallabo.dz\/index.php?rest_route=\/wp\/v2\/product\/724","targetHints":{"allow":["GET"]}}],"collection":[{"href":"https:\/\/ideallabo.dz\/index.php?rest_route=\/wp\/v2\/product"}],"about":[{"href":"https:\/\/ideallabo.dz\/index.php?rest_route=\/wp\/v2\/types\/product"}],"wp:featuredmedia":[{"embeddable":true,"href":"https:\/\/ideallabo.dz\/index.php?rest_route=\/wp\/v2\/media\/725"}],"wp:attachment":[{"href":"https:\/\/ideallabo.dz\/index.php?rest_route=%2Fwp%2Fv2%2Fmedia&parent=724"}],"wp:term":[{"taxonomy":"product_cat","embeddable":true,"href":"https:\/\/ideallabo.dz\/index.php?rest_route=%2Fwp%2Fv2%2Fproduct_cat&post=724"},{"taxonomy":"product_tag","embeddable":true,"href":"https:\/\/ideallabo.dz\/index.php?rest_route=%2Fwp%2Fv2%2Fproduct_tag&post=724"}],"curies":[{"name":"wp","href":"https:\/\/api.w.org\/{rel}","templated":true}]}}