{"id":711,"date":"2024-11-20T23:07:05","date_gmt":"2024-11-20T23:07:05","guid":{"rendered":"https:\/\/ideallabo.dz\/?post_type=product&#038;p=711"},"modified":"2024-12-03T22:50:36","modified_gmt":"2024-12-03T22:50:36","slug":"autoclave-vertical-wiseclave-daihan-scientific-wac-100","status":"publish","type":"product","link":"https:\/\/ideallabo.dz\/?product=autoclave-vertical-wiseclave-daihan-scientific-wac-100","title":{"rendered":"Autoclave Vertical WiseClave DAIHAN SCIENTIFIC WAC-100"},"content":{"rendered":"<p>L&rsquo;<strong>Autoclave Vertical WiseClave DAIHAN SCIENTIFIC WAC-100<\/strong> est un mod\u00e8le haute performance con\u00e7u pour des volumes plus grands, avec une <strong>capacit\u00e9 de 100 L<\/strong> et une <strong>puissance de 5 Kw<\/strong>. Id\u00e9al pour les environnements de laboratoire o\u00f9 une st\u00e9rilisation rapide et efficace est cruciale. Il est livr\u00e9 avec <strong>2 paniers<\/strong> pour un rangement optimal du mat\u00e9riel \u00e0 st\u00e9riliser.<\/p>\n<p><strong>Caract\u00e9ristiques principales :<\/strong><\/p>\n<ul>\n<li><strong>Volume :<\/strong> 100 L<\/li>\n<li><strong>Puissance :<\/strong> 5 Kw<\/li>\n<li><strong>Livr\u00e9 avec 2 paniers<\/strong> pour une organisation pratique.<\/li>\n<li><strong>Syst\u00e8me de st\u00e9rilisation efficace et rapide<\/strong>.<\/li>\n<li><strong>Conception verticale<\/strong> pour un gain d&rsquo;espace et une meilleure ergonomie.<\/li>\n<\/ul>\n","protected":false},"excerpt":{"rendered":"<p>L&rsquo;<strong>Autoclave Vertical WiseClave WAC-100<\/strong> propose une capacit\u00e9 de <strong>100 L<\/strong> et une puissance de <strong>5 Kw<\/strong>, garantissant une st\u00e9rilisation rapide et efficace des instruments dans un format compact et pratique. Livr\u00e9 avec <strong>2 paniers<\/strong>.<\/p>\n","protected":false},"featured_media":0,"template":"","meta":{"site-sidebar-layout":"default","site-content-layout":"","ast-site-content-layout":"default","site-content-style":"default","site-sidebar-style":"default","ast-global-header-display":"","ast-banner-title-visibility":"","ast-main-header-display":"","ast-hfb-above-header-display":"","ast-hfb-below-header-display":"","ast-hfb-mobile-header-display":"","site-post-title":"","ast-breadcrumbs-content":"","ast-featured-img":"","footer-sml-layout":"","theme-transparent-header-meta":"default","adv-header-id-meta":"","stick-header-meta":"","header-above-stick-meta":"","header-main-stick-meta":"","header-below-stick-meta":"","astra-migrate-meta-layouts":"set","ast-page-background-enabled":"default","ast-page-background-meta":{"desktop":{"background-color":"var(--ast-global-color-4)","background-image":"","background-repeat":"repeat","background-position":"center center","background-size":"auto","background-attachment":"scroll","background-type":"","background-media":"","overlay-type":"","overlay-color":"","overlay-opacity":"","overlay-gradient":""},"tablet":{"background-color":"","background-image":"","background-repeat":"repeat","background-position":"center center","background-size":"auto","background-attachment":"scroll","background-type":"","background-media":"","overlay-type":"","overlay-color":"","overlay-opacity":"","overlay-gradient":""},"mobile":{"background-color":"","background-image":"","background-repeat":"repeat","background-position":"center center","background-size":"auto","background-attachment":"scroll","background-type":"","background-media":"","overlay-type":"","overlay-color":"","overlay-opacity":"","overlay-gradient":""}},"ast-content-background-meta":{"desktop":{"background-color":"var(--ast-global-color-5)","background-image":"","background-repeat":"repeat","background-position":"center center","background-size":"auto","background-attachment":"scroll","background-type":"","background-media":"","overlay-type":"","overlay-color":"","overlay-opacity":"","overlay-gradient":""},"tablet":{"background-color":"var(--ast-global-color-5)","background-image":"","background-repeat":"repeat","background-position":"center center","background-size":"auto","background-attachment":"scroll","background-type":"","background-media":"","overlay-type":"","overlay-color":"","overlay-opacity":"","overlay-gradient":""},"mobile":{"background-color":"var(--ast-global-color-5)","background-image":"","background-repeat":"repeat","background-position":"center center","background-size":"auto","background-attachment":"scroll","background-type":"","background-media":"","overlay-type":"","overlay-color":"","overlay-opacity":"","overlay-gradient":""}}},"product_cat":[53],"product_tag":[85],"class_list":{"0":"post-711","1":"product","2":"type-product","3":"status-publish","5":"product_cat-equipments","6":"product_tag-autoclaves","7":"desktop-align-center","8":"tablet-align-left","9":"mobile-align-left","11":"first","12":"instock","13":"shipping-taxable","14":"purchasable","15":"product-type-simple"},"_links":{"self":[{"href":"https:\/\/ideallabo.dz\/index.php?rest_route=\/wp\/v2\/product\/711","targetHints":{"allow":["GET"]}}],"collection":[{"href":"https:\/\/ideallabo.dz\/index.php?rest_route=\/wp\/v2\/product"}],"about":[{"href":"https:\/\/ideallabo.dz\/index.php?rest_route=\/wp\/v2\/types\/product"}],"wp:attachment":[{"href":"https:\/\/ideallabo.dz\/index.php?rest_route=%2Fwp%2Fv2%2Fmedia&parent=711"}],"wp:term":[{"taxonomy":"product_cat","embeddable":true,"href":"https:\/\/ideallabo.dz\/index.php?rest_route=%2Fwp%2Fv2%2Fproduct_cat&post=711"},{"taxonomy":"product_tag","embeddable":true,"href":"https:\/\/ideallabo.dz\/index.php?rest_route=%2Fwp%2Fv2%2Fproduct_tag&post=711"}],"curies":[{"name":"wp","href":"https:\/\/api.w.org\/{rel}","templated":true}]}}