{"id":694,"date":"2024-11-20T22:54:30","date_gmt":"2024-11-20T22:54:30","guid":{"rendered":"https:\/\/ideallabo.dz\/?post_type=product&#038;p=694"},"modified":"2024-12-03T22:48:46","modified_gmt":"2024-12-03T22:48:46","slug":"agitateur-balancier-princeton-instruments-serie-kj-201","status":"publish","type":"product","link":"https:\/\/ideallabo.dz\/?product=agitateur-balancier-princeton-instruments-serie-kj-201","title":{"rendered":"AGITATEUR \/ BALANCIER PRINCETON INSTRUMENTS SERIE KJ-201"},"content":{"rendered":"<div class=\"flex-shrink-0 flex flex-col relative items-end\">\n<div>\n<div class=\"pt-0\">\n<div class=\"gizmo-bot-avatar flex h-8 w-8 items-center justify-center overflow-hidden rounded-full\"><\/div>\n<\/div>\n<\/div>\n<\/div>\n<div class=\"group\/conversation-turn relative flex w-full min-w-0 flex-col agent-turn\">\n<div class=\"flex-col gap-1 md:gap-3\">\n<div class=\"flex max-w-full flex-col flex-grow\">\n<div class=\"min-h-8 text-message flex w-full flex-col items-end gap-2 whitespace-normal break-words [.text-message+&amp;]:mt-5\" dir=\"auto\" data-message-author-role=\"assistant\" data-message-id=\"2c3476d6-3408-4f7d-ac6d-2aa3f2548464\" data-message-model-slug=\"gpt-4o-mini\">\n<div class=\"flex w-full flex-col gap-1 empty:hidden first:pt-[3px]\">\n<div class=\"markdown prose w-full break-words dark:prose-invert dark\">\n<p>L&rsquo;<strong>Agitateur\/Balancier Princeton Instruments S\u00e9rie KJ-201<\/strong> est un \u00e9quipement de laboratoire con\u00e7u pour des m\u00e9langes homog\u00e8nes gr\u00e2ce \u00e0 son mouvement oscillant \u00e0 une vitesse constante de 15 tours par minute. Sa conception compacte avec des dimensions de 25 x 17 cm permet une utilisation dans des espaces restreints tout en offrant une efficacit\u00e9 maximale.<\/p>\n<p>Avec un angle d&rsquo;oscillation ajustable de <strong>\u00b125\u00b0<\/strong>, cet appareil est id\u00e9al pour une large gamme d&rsquo;applications de laboratoire, notamment le m\u00e9lange de solutions et la pr\u00e9paration de milieux de culture. Sa simplicit\u00e9 d&rsquo;utilisation et sa stabilit\u00e9 en font un choix fiable pour les laboratoires \u00e0 la recherche d&rsquo;un agitateur \u00e9conomique et performant.<\/p>\n<p><strong>Caract\u00e9ristiques principales :<\/strong><\/p>\n<ul>\n<li><strong>Vitesse d&rsquo;agitation :<\/strong> 15 tours par minute.<\/li>\n<li><strong>Dimensions :<\/strong> 25 x 17 cm.<\/li>\n<li><strong>Angle d&rsquo;oscillation :<\/strong> \u00b125\u00b0.<\/li>\n<\/ul>\n<\/div>\n<\/div>\n<\/div>\n<\/div>\n<\/div>\n<\/div>\n","protected":false},"excerpt":{"rendered":"<p>L&rsquo;Agitateur\/Balancier Princeton Instruments S\u00e9rie KJ-201 offre un mouvement oscillant efficace \u00e0 15 rpm avec un angle d&rsquo;oscillation de \u00b125\u00b0, id\u00e9al pour un m\u00e9lange homog\u00e8ne des r\u00e9actifs en laboratoire.<\/p>\n","protected":false},"featured_media":695,"template":"","meta":{"site-sidebar-layout":"default","site-content-layout":"","ast-site-content-layout":"default","site-content-style":"default","site-sidebar-style":"default","ast-global-header-display":"","ast-banner-title-visibility":"","ast-main-header-display":"","ast-hfb-above-header-display":"","ast-hfb-below-header-display":"","ast-hfb-mobile-header-display":"","site-post-title":"","ast-breadcrumbs-content":"","ast-featured-img":"","footer-sml-layout":"","theme-transparent-header-meta":"default","adv-header-id-meta":"","stick-header-meta":"","header-above-stick-meta":"","header-main-stick-meta":"","header-below-stick-meta":"","astra-migrate-meta-layouts":"set","ast-page-background-enabled":"default","ast-page-background-meta":{"desktop":{"background-color":"var(--ast-global-color-4)","background-image":"","background-repeat":"repeat","background-position":"center center","background-size":"auto","background-attachment":"scroll","background-type":"","background-media":"","overlay-type":"","overlay-color":"","overlay-opacity":"","overlay-gradient":""},"tablet":{"background-color":"","background-image":"","background-repeat":"repeat","background-position":"center center","background-size":"auto","background-attachment":"scroll","background-type":"","background-media":"","overlay-type":"","overlay-color":"","overlay-opacity":"","overlay-gradient":""},"mobile":{"background-color":"","background-image":"","background-repeat":"repeat","background-position":"center center","background-size":"auto","background-attachment":"scroll","background-type":"","background-media":"","overlay-type":"","overlay-color":"","overlay-opacity":"","overlay-gradient":""}},"ast-content-background-meta":{"desktop":{"background-color":"var(--ast-global-color-5)","background-image":"","background-repeat":"repeat","background-position":"center center","background-size":"auto","background-attachment":"scroll","background-type":"","background-media":"","overlay-type":"","overlay-color":"","overlay-opacity":"","overlay-gradient":""},"tablet":{"background-color":"var(--ast-global-color-5)","background-image":"","background-repeat":"repeat","background-position":"center center","background-size":"auto","background-attachment":"scroll","background-type":"","background-media":"","overlay-type":"","overlay-color":"","overlay-opacity":"","overlay-gradient":""},"mobile":{"background-color":"var(--ast-global-color-5)","background-image":"","background-repeat":"repeat","background-position":"center center","background-size":"auto","background-attachment":"scroll","background-type":"","background-media":"","overlay-type":"","overlay-color":"","overlay-opacity":"","overlay-gradient":""}}},"product_cat":[53],"product_tag":[84],"class_list":{"0":"post-694","1":"product","2":"type-product","3":"status-publish","4":"has-post-thumbnail","6":"product_cat-equipments","7":"product_tag-agitateurs","8":"desktop-align-center","9":"tablet-align-left","10":"mobile-align-left","12":"first","13":"instock","14":"shipping-taxable","15":"purchasable","16":"product-type-simple"},"_links":{"self":[{"href":"https:\/\/ideallabo.dz\/index.php?rest_route=\/wp\/v2\/product\/694","targetHints":{"allow":["GET"]}}],"collection":[{"href":"https:\/\/ideallabo.dz\/index.php?rest_route=\/wp\/v2\/product"}],"about":[{"href":"https:\/\/ideallabo.dz\/index.php?rest_route=\/wp\/v2\/types\/product"}],"wp:featuredmedia":[{"embeddable":true,"href":"https:\/\/ideallabo.dz\/index.php?rest_route=\/wp\/v2\/media\/695"}],"wp:attachment":[{"href":"https:\/\/ideallabo.dz\/index.php?rest_route=%2Fwp%2Fv2%2Fmedia&parent=694"}],"wp:term":[{"taxonomy":"product_cat","embeddable":true,"href":"https:\/\/ideallabo.dz\/index.php?rest_route=%2Fwp%2Fv2%2Fproduct_cat&post=694"},{"taxonomy":"product_tag","embeddable":true,"href":"https:\/\/ideallabo.dz\/index.php?rest_route=%2Fwp%2Fv2%2Fproduct_tag&post=694"}],"curies":[{"name":"wp","href":"https:\/\/api.w.org\/{rel}","templated":true}]}}