{"id":690,"date":"2024-11-20T22:53:10","date_gmt":"2024-11-20T22:53:10","guid":{"rendered":"https:\/\/ideallabo.dz\/?post_type=product&#038;p=690"},"modified":"2024-12-03T22:48:39","modified_gmt":"2024-12-03T22:48:39","slug":"agitateur-balancier-daihan-scientific-wise-mix-digital-control","status":"publish","type":"product","link":"https:\/\/ideallabo.dz\/?product=agitateur-balancier-daihan-scientific-wise-mix-digital-control","title":{"rendered":"AGITATEUR \/ BALANCIER DAIHAN SCIENTIFIC WISE MIX Digital Control"},"content":{"rendered":"<p>L&rsquo;<strong>Agitateur\/Balancier Daihan Scientific WiseMix<\/strong> est un \u00e9quipement hautement performant con\u00e7u pour r\u00e9pondre aux besoins des laboratoires modernes. Avec son contr\u00f4le num\u00e9rique, il garantit une agitation oscillante pr\u00e9cise et personnalisable, adapt\u00e9e \u00e0 des applications vari\u00e9es comme la production de milieux de culture, les m\u00e9langes sensibles ou le traitement de r\u00e9actifs.<\/p>\n<p>Cet agitateur offre une plage de vitesse ajustable entre 5 et 50 tours par minute et permet de choisir l&rsquo;angle d&rsquo;oscillation (\u00b16\u00b0 ou \u00b19\u00b0, r\u00e9gl\u00e9 par d\u00e9faut) pour s\u2019adapter aux diff\u00e9rentes exigences des exp\u00e9riences. La surface de travail de 30 x 30 cm est suffisamment spacieuse pour accueillir divers types de r\u00e9cipients.<\/p>\n<p>L&rsquo;appareil est \u00e9galement \u00e9quip\u00e9 de <strong>6 programmes pr\u00e9enregistr\u00e9s<\/strong>, permettant une utilisation rapide et efficace pour des t\u00e2ches courantes.<\/p>\n<p><strong>Caract\u00e9ristiques principales :<\/strong><\/p>\n<ul>\n<li><strong>Vitesse d&rsquo;agitation :<\/strong> 5 \u00e0 50 tours par minute.<\/li>\n<li><strong>Dimensions de la surface :<\/strong> 30 x 30 cm.<\/li>\n<li><strong>Angle d&rsquo;oscillation :<\/strong> \u00b16\u00b0 ou \u00b19\u00b0 (par d\u00e9faut).<\/li>\n<li><strong>Contr\u00f4le :<\/strong> Digital pour un ajustement pr\u00e9cis.<\/li>\n<li><strong>Programmes :<\/strong> 6 programmes pr\u00e9enregistr\u00e9s.<\/li>\n<\/ul>\n","protected":false},"excerpt":{"rendered":"<p>L&rsquo;Agitateur\/Balancier Daihan WiseMix, avec son contr\u00f4le num\u00e9rique et son mouvement oscillant r\u00e9glable, est un outil id\u00e9al pour les laboratoires, offrant des performances fiables pour la production de milieux de culture et bien d&rsquo;autres applications.<\/p>\n","protected":false},"featured_media":692,"template":"","meta":{"site-sidebar-layout":"default","site-content-layout":"","ast-site-content-layout":"default","site-content-style":"default","site-sidebar-style":"default","ast-global-header-display":"","ast-banner-title-visibility":"","ast-main-header-display":"","ast-hfb-above-header-display":"","ast-hfb-below-header-display":"","ast-hfb-mobile-header-display":"","site-post-title":"","ast-breadcrumbs-content":"","ast-featured-img":"","footer-sml-layout":"","theme-transparent-header-meta":"default","adv-header-id-meta":"","stick-header-meta":"","header-above-stick-meta":"","header-main-stick-meta":"","header-below-stick-meta":"","astra-migrate-meta-layouts":"set","ast-page-background-enabled":"default","ast-page-background-meta":{"desktop":{"background-color":"var(--ast-global-color-4)","background-image":"","background-repeat":"repeat","background-position":"center center","background-size":"auto","background-attachment":"scroll","background-type":"","background-media":"","overlay-type":"","overlay-color":"","overlay-opacity":"","overlay-gradient":""},"tablet":{"background-color":"","background-image":"","background-repeat":"repeat","background-position":"center center","background-size":"auto","background-attachment":"scroll","background-type":"","background-media":"","overlay-type":"","overlay-color":"","overlay-opacity":"","overlay-gradient":""},"mobile":{"background-color":"","background-image":"","background-repeat":"repeat","background-position":"center center","background-size":"auto","background-attachment":"scroll","background-type":"","background-media":"","overlay-type":"","overlay-color":"","overlay-opacity":"","overlay-gradient":""}},"ast-content-background-meta":{"desktop":{"background-color":"var(--ast-global-color-5)","background-image":"","background-repeat":"repeat","background-position":"center center","background-size":"auto","background-attachment":"scroll","background-type":"","background-media":"","overlay-type":"","overlay-color":"","overlay-opacity":"","overlay-gradient":""},"tablet":{"background-color":"var(--ast-global-color-5)","background-image":"","background-repeat":"repeat","background-position":"center center","background-size":"auto","background-attachment":"scroll","background-type":"","background-media":"","overlay-type":"","overlay-color":"","overlay-opacity":"","overlay-gradient":""},"mobile":{"background-color":"var(--ast-global-color-5)","background-image":"","background-repeat":"repeat","background-position":"center center","background-size":"auto","background-attachment":"scroll","background-type":"","background-media":"","overlay-type":"","overlay-color":"","overlay-opacity":"","overlay-gradient":""}}},"product_cat":[53],"product_tag":[84],"class_list":{"0":"post-690","1":"product","2":"type-product","3":"status-publish","4":"has-post-thumbnail","6":"product_cat-equipments","7":"product_tag-agitateurs","8":"desktop-align-center","9":"tablet-align-left","10":"mobile-align-left","12":"first","13":"instock","14":"shipping-taxable","15":"purchasable","16":"product-type-simple"},"_links":{"self":[{"href":"https:\/\/ideallabo.dz\/index.php?rest_route=\/wp\/v2\/product\/690","targetHints":{"allow":["GET"]}}],"collection":[{"href":"https:\/\/ideallabo.dz\/index.php?rest_route=\/wp\/v2\/product"}],"about":[{"href":"https:\/\/ideallabo.dz\/index.php?rest_route=\/wp\/v2\/types\/product"}],"wp:featuredmedia":[{"embeddable":true,"href":"https:\/\/ideallabo.dz\/index.php?rest_route=\/wp\/v2\/media\/692"}],"wp:attachment":[{"href":"https:\/\/ideallabo.dz\/index.php?rest_route=%2Fwp%2Fv2%2Fmedia&parent=690"}],"wp:term":[{"taxonomy":"product_cat","embeddable":true,"href":"https:\/\/ideallabo.dz\/index.php?rest_route=%2Fwp%2Fv2%2Fproduct_cat&post=690"},{"taxonomy":"product_tag","embeddable":true,"href":"https:\/\/ideallabo.dz\/index.php?rest_route=%2Fwp%2Fv2%2Fproduct_tag&post=690"}],"curies":[{"name":"wp","href":"https:\/\/api.w.org\/{rel}","templated":true}]}}