{"id":677,"date":"2024-11-20T22:41:26","date_gmt":"2024-11-20T22:41:26","guid":{"rendered":"https:\/\/ideallabo.dz\/?post_type=product&#038;p=677"},"modified":"2024-12-03T22:48:00","modified_gmt":"2024-12-03T22:48:00","slug":"agitateur-a-helice-daihan-scientific-wise-stir-hs-30d-10-l","status":"publish","type":"product","link":"https:\/\/ideallabo.dz\/?product=agitateur-a-helice-daihan-scientific-wise-stir-hs-30d-10-l","title":{"rendered":"AGITATEUR A HELICE DAIHAN SCIENTIFIC WISE STIR HS-30D &#8211; 10 L"},"content":{"rendered":"<p>L&rsquo;<strong>Agitateur \u00e0 H\u00e9lice Daihan Scientific WiseStir HS-30D<\/strong> est un outil de laboratoire performant con\u00e7u pour m\u00e9langer efficacement des solutions de viscosit\u00e9s diverses. Dot\u00e9 d\u2019un affichage digital sur \u00e9cran LCD, il permet un contr\u00f4le pr\u00e9cis de la vitesse d&rsquo;agitation, ajustable entre 200 et 3000 tours par minute. Cet agitateur peut traiter des volumes allant jusqu\u2019\u00e0 10 litres et convient \u00e0 des viscosit\u00e9s maximales de 10 000 mPas.<\/p>\n<p>Le dispositif est livr\u00e9 complet avec :<\/p>\n<ul>\n<li>Une h\u00e9lice d&rsquo;agitation,<\/li>\n<li>Une noix de serrage,<\/li>\n<li>Un statif avec base robuste, garantissant stabilit\u00e9 et durabilit\u00e9.<\/li>\n<\/ul>\n<p><strong>Caract\u00e9ristiques principales :<\/strong><\/p>\n<ul>\n<li><strong>Affichage :<\/strong> \u00c9cran LCD pour un contr\u00f4le et un suivi pr\u00e9cis.<\/li>\n<li><strong>Plage de vitesse :<\/strong> 200 \u00e0 3000 tr\/min, adaptable aux besoins sp\u00e9cifiques.<\/li>\n<li><strong>Capacit\u00e9 maximale :<\/strong> 10 L.<\/li>\n<li><strong>Viscosit\u00e9 maximale :<\/strong> 10 000 mPas, id\u00e9al pour une grande vari\u00e9t\u00e9 de liquides.<\/li>\n<\/ul>\n","protected":false},"excerpt":{"rendered":"<p>L\u2019Agitateur \u00e0 H\u00e9lice HS-30D de Daihan Scientific est un \u00e9quipement polyvalent et pr\u00e9cis, id\u00e9al pour les m\u00e9langes de solutions en laboratoire, livr\u00e9 pr\u00eat \u00e0 l\u2019emploi avec tous les accessoires n\u00e9cessaires.<\/p>\n","protected":false},"featured_media":681,"template":"","meta":{"site-sidebar-layout":"default","site-content-layout":"","ast-site-content-layout":"default","site-content-style":"default","site-sidebar-style":"default","ast-global-header-display":"","ast-banner-title-visibility":"","ast-main-header-display":"","ast-hfb-above-header-display":"","ast-hfb-below-header-display":"","ast-hfb-mobile-header-display":"","site-post-title":"","ast-breadcrumbs-content":"","ast-featured-img":"","footer-sml-layout":"","theme-transparent-header-meta":"default","adv-header-id-meta":"","stick-header-meta":"","header-above-stick-meta":"","header-main-stick-meta":"","header-below-stick-meta":"","astra-migrate-meta-layouts":"set","ast-page-background-enabled":"default","ast-page-background-meta":{"desktop":{"background-color":"var(--ast-global-color-4)","background-image":"","background-repeat":"repeat","background-position":"center center","background-size":"auto","background-attachment":"scroll","background-type":"","background-media":"","overlay-type":"","overlay-color":"","overlay-opacity":"","overlay-gradient":""},"tablet":{"background-color":"","background-image":"","background-repeat":"repeat","background-position":"center center","background-size":"auto","background-attachment":"scroll","background-type":"","background-media":"","overlay-type":"","overlay-color":"","overlay-opacity":"","overlay-gradient":""},"mobile":{"background-color":"","background-image":"","background-repeat":"repeat","background-position":"center center","background-size":"auto","background-attachment":"scroll","background-type":"","background-media":"","overlay-type":"","overlay-color":"","overlay-opacity":"","overlay-gradient":""}},"ast-content-background-meta":{"desktop":{"background-color":"var(--ast-global-color-5)","background-image":"","background-repeat":"repeat","background-position":"center center","background-size":"auto","background-attachment":"scroll","background-type":"","background-media":"","overlay-type":"","overlay-color":"","overlay-opacity":"","overlay-gradient":""},"tablet":{"background-color":"var(--ast-global-color-5)","background-image":"","background-repeat":"repeat","background-position":"center center","background-size":"auto","background-attachment":"scroll","background-type":"","background-media":"","overlay-type":"","overlay-color":"","overlay-opacity":"","overlay-gradient":""},"mobile":{"background-color":"var(--ast-global-color-5)","background-image":"","background-repeat":"repeat","background-position":"center center","background-size":"auto","background-attachment":"scroll","background-type":"","background-media":"","overlay-type":"","overlay-color":"","overlay-opacity":"","overlay-gradient":""}}},"product_cat":[53],"product_tag":[84],"class_list":{"0":"post-677","1":"product","2":"type-product","3":"status-publish","4":"has-post-thumbnail","6":"product_cat-equipments","7":"product_tag-agitateurs","8":"desktop-align-center","9":"tablet-align-left","10":"mobile-align-left","12":"first","13":"instock","14":"shipping-taxable","15":"purchasable","16":"product-type-simple"},"_links":{"self":[{"href":"https:\/\/ideallabo.dz\/index.php?rest_route=\/wp\/v2\/product\/677","targetHints":{"allow":["GET"]}}],"collection":[{"href":"https:\/\/ideallabo.dz\/index.php?rest_route=\/wp\/v2\/product"}],"about":[{"href":"https:\/\/ideallabo.dz\/index.php?rest_route=\/wp\/v2\/types\/product"}],"wp:featuredmedia":[{"embeddable":true,"href":"https:\/\/ideallabo.dz\/index.php?rest_route=\/wp\/v2\/media\/681"}],"wp:attachment":[{"href":"https:\/\/ideallabo.dz\/index.php?rest_route=%2Fwp%2Fv2%2Fmedia&parent=677"}],"wp:term":[{"taxonomy":"product_cat","embeddable":true,"href":"https:\/\/ideallabo.dz\/index.php?rest_route=%2Fwp%2Fv2%2Fproduct_cat&post=677"},{"taxonomy":"product_tag","embeddable":true,"href":"https:\/\/ideallabo.dz\/index.php?rest_route=%2Fwp%2Fv2%2Fproduct_tag&post=677"}],"curies":[{"name":"wp","href":"https:\/\/api.w.org\/{rel}","templated":true}]}}