{"id":652,"date":"2024-11-19T23:18:07","date_gmt":"2024-11-19T23:18:07","guid":{"rendered":"https:\/\/ideallabo.dz\/?post_type=product&#038;p=652"},"modified":"2024-12-03T22:54:43","modified_gmt":"2024-12-03T22:54:43","slug":"additif-nitrate-i-flacon-10ml","status":"publish","type":"product","link":"https:\/\/ideallabo.dz\/?product=additif-nitrate-i-flacon-10ml","title":{"rendered":"Additif Nitrate I Flacon 10ml"},"content":{"rendered":"<p>L&rsquo;<strong>Additif Nitrate I Flacon 10ml<\/strong> est un r\u00e9actif utilis\u00e9 dans les tests microbiologiques pour la d\u00e9tection de la r\u00e9duction des nitrates en nitrites par certaines bact\u00e9ries. Ce r\u00e9actif est principalement utilis\u00e9 dans des milieux de culture pour tester la capacit\u00e9 des micro-organismes \u00e0 effectuer la r\u00e9duction des nitrates, une caract\u00e9ristique biochimique importante pour identifier des bact\u00e9ries sp\u00e9cifiques comme <em>Escherichia coli<\/em> et <em>Enterobacter<\/em>.<\/p>\n","protected":false},"excerpt":{"rendered":"<p>L&rsquo;Additif Nitrate I 10ml est utilis\u00e9 pour d\u00e9tecter la r\u00e9duction des nitrates en nitrites par les bact\u00e9ries dans les tests microbiologiques, facilitant l&rsquo;identification de certaines esp\u00e8ces bact\u00e9riennes.<\/p>\n","protected":false},"featured_media":645,"template":"","meta":{"site-sidebar-layout":"default","site-content-layout":"","ast-site-content-layout":"default","site-content-style":"default","site-sidebar-style":"default","ast-global-header-display":"","ast-banner-title-visibility":"","ast-main-header-display":"","ast-hfb-above-header-display":"","ast-hfb-below-header-display":"","ast-hfb-mobile-header-display":"","site-post-title":"","ast-breadcrumbs-content":"","ast-featured-img":"","footer-sml-layout":"","theme-transparent-header-meta":"default","adv-header-id-meta":"","stick-header-meta":"","header-above-stick-meta":"","header-main-stick-meta":"","header-below-stick-meta":"","astra-migrate-meta-layouts":"set","ast-page-background-enabled":"default","ast-page-background-meta":{"desktop":{"background-color":"var(--ast-global-color-4)","background-image":"","background-repeat":"repeat","background-position":"center center","background-size":"auto","background-attachment":"scroll","background-type":"","background-media":"","overlay-type":"","overlay-color":"","overlay-opacity":"","overlay-gradient":""},"tablet":{"background-color":"","background-image":"","background-repeat":"repeat","background-position":"center center","background-size":"auto","background-attachment":"scroll","background-type":"","background-media":"","overlay-type":"","overlay-color":"","overlay-opacity":"","overlay-gradient":""},"mobile":{"background-color":"","background-image":"","background-repeat":"repeat","background-position":"center center","background-size":"auto","background-attachment":"scroll","background-type":"","background-media":"","overlay-type":"","overlay-color":"","overlay-opacity":"","overlay-gradient":""}},"ast-content-background-meta":{"desktop":{"background-color":"var(--ast-global-color-5)","background-image":"","background-repeat":"repeat","background-position":"center center","background-size":"auto","background-attachment":"scroll","background-type":"","background-media":"","overlay-type":"","overlay-color":"","overlay-opacity":"","overlay-gradient":""},"tablet":{"background-color":"var(--ast-global-color-5)","background-image":"","background-repeat":"repeat","background-position":"center center","background-size":"auto","background-attachment":"scroll","background-type":"","background-media":"","overlay-type":"","overlay-color":"","overlay-opacity":"","overlay-gradient":""},"mobile":{"background-color":"var(--ast-global-color-5)","background-image":"","background-repeat":"repeat","background-position":"center center","background-size":"auto","background-attachment":"scroll","background-type":"","background-media":"","overlay-type":"","overlay-color":"","overlay-opacity":"","overlay-gradient":""}}},"product_cat":[49,45],"product_tag":[78,83,75,60],"class_list":{"0":"post-652","1":"product","2":"type-product","3":"status-publish","4":"has-post-thumbnail","6":"product_cat-additifs","7":"product_cat-milieux-de-culture","8":"product_tag-10ml","9":"product_tag-additifs","10":"product_tag-falcon","11":"product_tag-milieux-de-culture","12":"desktop-align-center","13":"tablet-align-left","14":"mobile-align-left","16":"first","17":"instock","18":"shipping-taxable","19":"purchasable","20":"product-type-simple"},"_links":{"self":[{"href":"https:\/\/ideallabo.dz\/index.php?rest_route=\/wp\/v2\/product\/652","targetHints":{"allow":["GET"]}}],"collection":[{"href":"https:\/\/ideallabo.dz\/index.php?rest_route=\/wp\/v2\/product"}],"about":[{"href":"https:\/\/ideallabo.dz\/index.php?rest_route=\/wp\/v2\/types\/product"}],"wp:featuredmedia":[{"embeddable":true,"href":"https:\/\/ideallabo.dz\/index.php?rest_route=\/wp\/v2\/media\/645"}],"wp:attachment":[{"href":"https:\/\/ideallabo.dz\/index.php?rest_route=%2Fwp%2Fv2%2Fmedia&parent=652"}],"wp:term":[{"taxonomy":"product_cat","embeddable":true,"href":"https:\/\/ideallabo.dz\/index.php?rest_route=%2Fwp%2Fv2%2Fproduct_cat&post=652"},{"taxonomy":"product_tag","embeddable":true,"href":"https:\/\/ideallabo.dz\/index.php?rest_route=%2Fwp%2Fv2%2Fproduct_tag&post=652"}],"curies":[{"name":"wp","href":"https:\/\/api.w.org\/{rel}","templated":true}]}}