{"id":641,"date":"2024-11-19T23:05:11","date_gmt":"2024-11-19T23:05:11","guid":{"rendered":"https:\/\/ideallabo.dz\/?post_type=product&#038;p=641"},"modified":"2024-12-03T23:05:08","modified_gmt":"2024-12-03T23:05:08","slug":"bouillon-mac-conkey-cloche-flacon-50ml","status":"publish","type":"product","link":"https:\/\/ideallabo.dz\/?product=bouillon-mac-conkey-cloche-flacon-50ml","title":{"rendered":"Bouillon Mac Conkey + Cloche Flacon 50ml"},"content":{"rendered":"<p>Le <strong>Bouillon Mac Conkey + Cloche Flacon 50ml<\/strong> est un milieu de culture s\u00e9lectif et diff\u00e9rentiel utilis\u00e9 pour la culture des bact\u00e9ries gram-n\u00e9gatives, notamment des <em>Enterobacteriaceae<\/em>, tout en permettant la d\u00e9tection de la fermentation du lactose. Le milieu est enrichi avec une cloche, un dispositif utilis\u00e9 pour maintenir une atmosph\u00e8re contr\u00f4l\u00e9e, ce qui permet d&rsquo;optimiser la croissance des bact\u00e9ries tout en minimisant la prolif\u00e9ration d&rsquo;autres micro-organismes. Ce bouillon est id\u00e9al pour les tests de laboratoire visant \u00e0 identifier des pathog\u00e8nes comme <em>Escherichia coli<\/em> et <em>Salmonella<\/em>.<\/p>\n","protected":false},"excerpt":{"rendered":"<p>Le Bouillon Mac Conkey + Cloche 50ml est con\u00e7u pour isoler et identifier des bact\u00e9ries gram-n\u00e9gatives, en particulier <em>Escherichia coli<\/em> et <em>Salmonella<\/em>, en utilisant la d\u00e9tection de la fermentation du lactose dans les analyses microbiologiques.<\/p>\n","protected":false},"featured_media":622,"template":"","meta":{"site-sidebar-layout":"default","site-content-layout":"","ast-site-content-layout":"default","site-content-style":"default","site-sidebar-style":"default","ast-global-header-display":"","ast-banner-title-visibility":"","ast-main-header-display":"","ast-hfb-above-header-display":"","ast-hfb-below-header-display":"","ast-hfb-mobile-header-display":"","site-post-title":"","ast-breadcrumbs-content":"","ast-featured-img":"","footer-sml-layout":"","theme-transparent-header-meta":"default","adv-header-id-meta":"","stick-header-meta":"","header-above-stick-meta":"","header-main-stick-meta":"","header-below-stick-meta":"","astra-migrate-meta-layouts":"set","ast-page-background-enabled":"default","ast-page-background-meta":{"desktop":{"background-color":"var(--ast-global-color-4)","background-image":"","background-repeat":"repeat","background-position":"center center","background-size":"auto","background-attachment":"scroll","background-type":"","background-media":"","overlay-type":"","overlay-color":"","overlay-opacity":"","overlay-gradient":""},"tablet":{"background-color":"","background-image":"","background-repeat":"repeat","background-position":"center center","background-size":"auto","background-attachment":"scroll","background-type":"","background-media":"","overlay-type":"","overlay-color":"","overlay-opacity":"","overlay-gradient":""},"mobile":{"background-color":"","background-image":"","background-repeat":"repeat","background-position":"center center","background-size":"auto","background-attachment":"scroll","background-type":"","background-media":"","overlay-type":"","overlay-color":"","overlay-opacity":"","overlay-gradient":""}},"ast-content-background-meta":{"desktop":{"background-color":"var(--ast-global-color-5)","background-image":"","background-repeat":"repeat","background-position":"center center","background-size":"auto","background-attachment":"scroll","background-type":"","background-media":"","overlay-type":"","overlay-color":"","overlay-opacity":"","overlay-gradient":""},"tablet":{"background-color":"var(--ast-global-color-5)","background-image":"","background-repeat":"repeat","background-position":"center center","background-size":"auto","background-attachment":"scroll","background-type":"","background-media":"","overlay-type":"","overlay-color":"","overlay-opacity":"","overlay-gradient":""},"mobile":{"background-color":"var(--ast-global-color-5)","background-image":"","background-repeat":"repeat","background-position":"center center","background-size":"auto","background-attachment":"scroll","background-type":"","background-media":"","overlay-type":"","overlay-color":"","overlay-opacity":"","overlay-gradient":""}}},"product_cat":[48,45,46],"product_tag":[76,80,75,60,64],"class_list":{"0":"post-641","1":"product","2":"type-product","3":"status-publish","4":"has-post-thumbnail","6":"product_cat-bouillon","7":"product_cat-milieux-de-culture","8":"product_cat-pret-a-lemploi","9":"product_tag-50ml","10":"product_tag-boullion","11":"product_tag-falcon","12":"product_tag-milieux-de-culture","13":"product_tag-pret-a-lemploi","14":"desktop-align-center","15":"tablet-align-left","16":"mobile-align-left","18":"first","19":"instock","20":"shipping-taxable","21":"purchasable","22":"product-type-simple"},"_links":{"self":[{"href":"https:\/\/ideallabo.dz\/index.php?rest_route=\/wp\/v2\/product\/641","targetHints":{"allow":["GET"]}}],"collection":[{"href":"https:\/\/ideallabo.dz\/index.php?rest_route=\/wp\/v2\/product"}],"about":[{"href":"https:\/\/ideallabo.dz\/index.php?rest_route=\/wp\/v2\/types\/product"}],"wp:featuredmedia":[{"embeddable":true,"href":"https:\/\/ideallabo.dz\/index.php?rest_route=\/wp\/v2\/media\/622"}],"wp:attachment":[{"href":"https:\/\/ideallabo.dz\/index.php?rest_route=%2Fwp%2Fv2%2Fmedia&parent=641"}],"wp:term":[{"taxonomy":"product_cat","embeddable":true,"href":"https:\/\/ideallabo.dz\/index.php?rest_route=%2Fwp%2Fv2%2Fproduct_cat&post=641"},{"taxonomy":"product_tag","embeddable":true,"href":"https:\/\/ideallabo.dz\/index.php?rest_route=%2Fwp%2Fv2%2Fproduct_tag&post=641"}],"curies":[{"name":"wp","href":"https:\/\/api.w.org\/{rel}","templated":true}]}}