{"id":640,"date":"2024-11-19T23:04:04","date_gmt":"2024-11-19T23:04:04","guid":{"rendered":"https:\/\/ideallabo.dz\/?post_type=product&#038;p=640"},"modified":"2024-12-03T23:05:04","modified_gmt":"2024-12-03T23:05:04","slug":"bouillon-mac-conkey-flacon-90ml","status":"publish","type":"product","link":"https:\/\/ideallabo.dz\/?product=bouillon-mac-conkey-flacon-90ml","title":{"rendered":"Bouillon Mac Conkey Flacon 90ml"},"content":{"rendered":"<p>Le <strong>Bouillon Mac Conkey Flacon 90ml<\/strong> est un milieu de culture s\u00e9lectif et diff\u00e9rentiel utilis\u00e9 pour isoler et diff\u00e9rencier les bact\u00e9ries gram-n\u00e9gatives, en particulier les <em>Enterobacteriaceae<\/em>. Il permet de d\u00e9tecter la fermentation du lactose, avec un indicateur de pH qui change de couleur en fonction du r\u00e9sultat. Ce bouillon est couramment utilis\u00e9 dans les tests microbiologiques pour identifier des pathog\u00e8nes comme <em>Escherichia coli<\/em> et <em>Salmonella<\/em>.<\/p>\n","protected":false},"excerpt":{"rendered":"<p>Le Bouillon Mac Conkey 90ml est utilis\u00e9 pour isoler et diff\u00e9rencier les bact\u00e9ries gram-n\u00e9gatives, notamment en d\u00e9tectant la fermentation du lactose, essentiel pour les analyses microbiologiques.<\/p>\n","protected":false},"featured_media":622,"template":"","meta":{"site-sidebar-layout":"default","site-content-layout":"","ast-site-content-layout":"default","site-content-style":"default","site-sidebar-style":"default","ast-global-header-display":"","ast-banner-title-visibility":"","ast-main-header-display":"","ast-hfb-above-header-display":"","ast-hfb-below-header-display":"","ast-hfb-mobile-header-display":"","site-post-title":"","ast-breadcrumbs-content":"","ast-featured-img":"","footer-sml-layout":"","theme-transparent-header-meta":"default","adv-header-id-meta":"","stick-header-meta":"","header-above-stick-meta":"","header-main-stick-meta":"","header-below-stick-meta":"","astra-migrate-meta-layouts":"set","ast-page-background-enabled":"default","ast-page-background-meta":{"desktop":{"background-color":"var(--ast-global-color-4)","background-image":"","background-repeat":"repeat","background-position":"center center","background-size":"auto","background-attachment":"scroll","background-type":"","background-media":"","overlay-type":"","overlay-color":"","overlay-opacity":"","overlay-gradient":""},"tablet":{"background-color":"","background-image":"","background-repeat":"repeat","background-position":"center center","background-size":"auto","background-attachment":"scroll","background-type":"","background-media":"","overlay-type":"","overlay-color":"","overlay-opacity":"","overlay-gradient":""},"mobile":{"background-color":"","background-image":"","background-repeat":"repeat","background-position":"center center","background-size":"auto","background-attachment":"scroll","background-type":"","background-media":"","overlay-type":"","overlay-color":"","overlay-opacity":"","overlay-gradient":""}},"ast-content-background-meta":{"desktop":{"background-color":"var(--ast-global-color-5)","background-image":"","background-repeat":"repeat","background-position":"center center","background-size":"auto","background-attachment":"scroll","background-type":"","background-media":"","overlay-type":"","overlay-color":"","overlay-opacity":"","overlay-gradient":""},"tablet":{"background-color":"var(--ast-global-color-5)","background-image":"","background-repeat":"repeat","background-position":"center center","background-size":"auto","background-attachment":"scroll","background-type":"","background-media":"","overlay-type":"","overlay-color":"","overlay-opacity":"","overlay-gradient":""},"mobile":{"background-color":"var(--ast-global-color-5)","background-image":"","background-repeat":"repeat","background-position":"center center","background-size":"auto","background-attachment":"scroll","background-type":"","background-media":"","overlay-type":"","overlay-color":"","overlay-opacity":"","overlay-gradient":""}}},"product_cat":[48,45,46],"product_tag":[82,80,75,60,64],"class_list":{"0":"post-640","1":"product","2":"type-product","3":"status-publish","4":"has-post-thumbnail","6":"product_cat-bouillon","7":"product_cat-milieux-de-culture","8":"product_cat-pret-a-lemploi","9":"product_tag-90ml","10":"product_tag-boullion","11":"product_tag-falcon","12":"product_tag-milieux-de-culture","13":"product_tag-pret-a-lemploi","14":"desktop-align-center","15":"tablet-align-left","16":"mobile-align-left","18":"first","19":"instock","20":"shipping-taxable","21":"purchasable","22":"product-type-simple"},"_links":{"self":[{"href":"https:\/\/ideallabo.dz\/index.php?rest_route=\/wp\/v2\/product\/640","targetHints":{"allow":["GET"]}}],"collection":[{"href":"https:\/\/ideallabo.dz\/index.php?rest_route=\/wp\/v2\/product"}],"about":[{"href":"https:\/\/ideallabo.dz\/index.php?rest_route=\/wp\/v2\/types\/product"}],"wp:featuredmedia":[{"embeddable":true,"href":"https:\/\/ideallabo.dz\/index.php?rest_route=\/wp\/v2\/media\/622"}],"wp:attachment":[{"href":"https:\/\/ideallabo.dz\/index.php?rest_route=%2Fwp%2Fv2%2Fmedia&parent=640"}],"wp:term":[{"taxonomy":"product_cat","embeddable":true,"href":"https:\/\/ideallabo.dz\/index.php?rest_route=%2Fwp%2Fv2%2Fproduct_cat&post=640"},{"taxonomy":"product_tag","embeddable":true,"href":"https:\/\/ideallabo.dz\/index.php?rest_route=%2Fwp%2Fv2%2Fproduct_tag&post=640"}],"curies":[{"name":"wp","href":"https:\/\/api.w.org\/{rel}","templated":true}]}}