{"id":636,"date":"2024-11-19T22:59:23","date_gmt":"2024-11-19T22:59:23","guid":{"rendered":"https:\/\/ideallabo.dz\/?post_type=product&#038;p=636"},"modified":"2024-12-03T23:04:38","modified_gmt":"2024-12-03T23:04:38","slug":"bouillon-lactose-flacon-100ml","status":"publish","type":"product","link":"https:\/\/ideallabo.dz\/?product=bouillon-lactose-flacon-100ml","title":{"rendered":"Bouillon Lactos\u00e9 Flacon 100ml"},"content":{"rendered":"<p>Le <strong>Bouillon Lactos\u00e9 Flacon 100ml<\/strong> est un milieu de culture liquide con\u00e7u pour la culture de bact\u00e9ries lactiques et pour tester la fermentation du lactose. Il est particuli\u00e8rement utile pour la diff\u00e9renciation des bact\u00e9ries capables de fermenter le lactose, comme certaines esp\u00e8ces de <em>Enterobacteriaceae<\/em>. Ce bouillon est couramment utilis\u00e9 dans les tests microbiologiques pour identifier et isoler les bact\u00e9ries en fonction de leur capacit\u00e9 \u00e0 fermenter le lactose.<\/p>\n","protected":false},"excerpt":{"rendered":"<p>Le Bouillon Lactos\u00e9 100ml est utilis\u00e9 pour la culture de bact\u00e9ries lactiques et la d\u00e9tection de la fermentation du lactose, facilitant l&rsquo;identification des micro-organismes dans les analyses microbiologiques.<\/p>\n","protected":false},"featured_media":622,"template":"","meta":{"site-sidebar-layout":"default","site-content-layout":"","ast-site-content-layout":"default","site-content-style":"default","site-sidebar-style":"default","ast-global-header-display":"","ast-banner-title-visibility":"","ast-main-header-display":"","ast-hfb-above-header-display":"","ast-hfb-below-header-display":"","ast-hfb-mobile-header-display":"","site-post-title":"","ast-breadcrumbs-content":"","ast-featured-img":"","footer-sml-layout":"","theme-transparent-header-meta":"default","adv-header-id-meta":"","stick-header-meta":"","header-above-stick-meta":"","header-main-stick-meta":"","header-below-stick-meta":"","astra-migrate-meta-layouts":"set","ast-page-background-enabled":"default","ast-page-background-meta":{"desktop":{"background-color":"var(--ast-global-color-4)","background-image":"","background-repeat":"repeat","background-position":"center center","background-size":"auto","background-attachment":"scroll","background-type":"","background-media":"","overlay-type":"","overlay-color":"","overlay-opacity":"","overlay-gradient":""},"tablet":{"background-color":"","background-image":"","background-repeat":"repeat","background-position":"center center","background-size":"auto","background-attachment":"scroll","background-type":"","background-media":"","overlay-type":"","overlay-color":"","overlay-opacity":"","overlay-gradient":""},"mobile":{"background-color":"","background-image":"","background-repeat":"repeat","background-position":"center center","background-size":"auto","background-attachment":"scroll","background-type":"","background-media":"","overlay-type":"","overlay-color":"","overlay-opacity":"","overlay-gradient":""}},"ast-content-background-meta":{"desktop":{"background-color":"var(--ast-global-color-5)","background-image":"","background-repeat":"repeat","background-position":"center center","background-size":"auto","background-attachment":"scroll","background-type":"","background-media":"","overlay-type":"","overlay-color":"","overlay-opacity":"","overlay-gradient":""},"tablet":{"background-color":"var(--ast-global-color-5)","background-image":"","background-repeat":"repeat","background-position":"center center","background-size":"auto","background-attachment":"scroll","background-type":"","background-media":"","overlay-type":"","overlay-color":"","overlay-opacity":"","overlay-gradient":""},"mobile":{"background-color":"var(--ast-global-color-5)","background-image":"","background-repeat":"repeat","background-position":"center center","background-size":"auto","background-attachment":"scroll","background-type":"","background-media":"","overlay-type":"","overlay-color":"","overlay-opacity":"","overlay-gradient":""}}},"product_cat":[48,45,46],"product_tag":[79,80,75,60,64],"class_list":{"0":"post-636","1":"product","2":"type-product","3":"status-publish","4":"has-post-thumbnail","6":"product_cat-bouillon","7":"product_cat-milieux-de-culture","8":"product_cat-pret-a-lemploi","9":"product_tag-100ml","10":"product_tag-boullion","11":"product_tag-falcon","12":"product_tag-milieux-de-culture","13":"product_tag-pret-a-lemploi","14":"desktop-align-center","15":"tablet-align-left","16":"mobile-align-left","18":"first","19":"instock","20":"shipping-taxable","21":"purchasable","22":"product-type-simple"},"_links":{"self":[{"href":"https:\/\/ideallabo.dz\/index.php?rest_route=\/wp\/v2\/product\/636","targetHints":{"allow":["GET"]}}],"collection":[{"href":"https:\/\/ideallabo.dz\/index.php?rest_route=\/wp\/v2\/product"}],"about":[{"href":"https:\/\/ideallabo.dz\/index.php?rest_route=\/wp\/v2\/types\/product"}],"wp:featuredmedia":[{"embeddable":true,"href":"https:\/\/ideallabo.dz\/index.php?rest_route=\/wp\/v2\/media\/622"}],"wp:attachment":[{"href":"https:\/\/ideallabo.dz\/index.php?rest_route=%2Fwp%2Fv2%2Fmedia&parent=636"}],"wp:term":[{"taxonomy":"product_cat","embeddable":true,"href":"https:\/\/ideallabo.dz\/index.php?rest_route=%2Fwp%2Fv2%2Fproduct_cat&post=636"},{"taxonomy":"product_tag","embeddable":true,"href":"https:\/\/ideallabo.dz\/index.php?rest_route=%2Fwp%2Fv2%2Fproduct_tag&post=636"}],"curies":[{"name":"wp","href":"https:\/\/api.w.org\/{rel}","templated":true}]}}