{"id":633,"date":"2024-11-19T22:54:28","date_gmt":"2024-11-19T22:54:28","guid":{"rendered":"https:\/\/ideallabo.dz\/?post_type=product&#038;p=633"},"modified":"2024-12-03T23:04:06","modified_gmt":"2024-12-03T23:04:06","slug":"bouillon-giolitti-cantoni-flacon-180ml","status":"publish","type":"product","link":"https:\/\/ideallabo.dz\/?product=bouillon-giolitti-cantoni-flacon-180ml","title":{"rendered":"Bouillon Giolitti Cantoni Flacon 180ml"},"content":{"rendered":"<p>Le <strong>Bouillon Giolitti Cantoni Flacon 180ml<\/strong> est un milieu de culture s\u00e9lectif utilis\u00e9 principalement pour l&rsquo;isolement et la culture de <em>Salmonella<\/em> et d&rsquo;autres pathog\u00e8nes ana\u00e9robies dans des \u00e9chantillons alimentaires et cliniques. Ce bouillon est enrichi pour favoriser la croissance des bact\u00e9ries tout en inhibant la prolif\u00e9ration d&rsquo;autres micro-organismes comp\u00e9titifs. Il est souvent utilis\u00e9 dans les analyses microbiologiques de produits alimentaires et d&rsquo;\u00e9chantillons environnementaux.<\/p>\n","protected":false},"excerpt":{"rendered":"<p>Le Bouillon Giolitti Cantoni 180ml est un milieu s\u00e9lectif utilis\u00e9 pour cultiver <em>Salmonella<\/em> et d&rsquo;autres bact\u00e9ries pathog\u00e8nes dans les tests microbiologiques, offrant un environnement enrichi pour leur d\u00e9veloppement.<\/p>\n","protected":false},"featured_media":622,"template":"","meta":{"site-sidebar-layout":"default","site-content-layout":"","ast-site-content-layout":"default","site-content-style":"default","site-sidebar-style":"default","ast-global-header-display":"","ast-banner-title-visibility":"","ast-main-header-display":"","ast-hfb-above-header-display":"","ast-hfb-below-header-display":"","ast-hfb-mobile-header-display":"","site-post-title":"","ast-breadcrumbs-content":"","ast-featured-img":"","footer-sml-layout":"","theme-transparent-header-meta":"default","adv-header-id-meta":"","stick-header-meta":"","header-above-stick-meta":"","header-main-stick-meta":"","header-below-stick-meta":"","astra-migrate-meta-layouts":"set","ast-page-background-enabled":"default","ast-page-background-meta":{"desktop":{"background-color":"var(--ast-global-color-4)","background-image":"","background-repeat":"repeat","background-position":"center center","background-size":"auto","background-attachment":"scroll","background-type":"","background-media":"","overlay-type":"","overlay-color":"","overlay-opacity":"","overlay-gradient":""},"tablet":{"background-color":"","background-image":"","background-repeat":"repeat","background-position":"center center","background-size":"auto","background-attachment":"scroll","background-type":"","background-media":"","overlay-type":"","overlay-color":"","overlay-opacity":"","overlay-gradient":""},"mobile":{"background-color":"","background-image":"","background-repeat":"repeat","background-position":"center center","background-size":"auto","background-attachment":"scroll","background-type":"","background-media":"","overlay-type":"","overlay-color":"","overlay-opacity":"","overlay-gradient":""}},"ast-content-background-meta":{"desktop":{"background-color":"var(--ast-global-color-5)","background-image":"","background-repeat":"repeat","background-position":"center center","background-size":"auto","background-attachment":"scroll","background-type":"","background-media":"","overlay-type":"","overlay-color":"","overlay-opacity":"","overlay-gradient":""},"tablet":{"background-color":"var(--ast-global-color-5)","background-image":"","background-repeat":"repeat","background-position":"center center","background-size":"auto","background-attachment":"scroll","background-type":"","background-media":"","overlay-type":"","overlay-color":"","overlay-opacity":"","overlay-gradient":""},"mobile":{"background-color":"var(--ast-global-color-5)","background-image":"","background-repeat":"repeat","background-position":"center center","background-size":"auto","background-attachment":"scroll","background-type":"","background-media":"","overlay-type":"","overlay-color":"","overlay-opacity":"","overlay-gradient":""}}},"product_cat":[48,45,46],"product_tag":[59,80,75,60,64],"class_list":{"0":"post-633","1":"product","2":"type-product","3":"status-publish","4":"has-post-thumbnail","6":"product_cat-bouillon","7":"product_cat-milieux-de-culture","8":"product_cat-pret-a-lemploi","9":"product_tag-180ml","10":"product_tag-boullion","11":"product_tag-falcon","12":"product_tag-milieux-de-culture","13":"product_tag-pret-a-lemploi","14":"desktop-align-center","15":"tablet-align-left","16":"mobile-align-left","18":"first","19":"instock","20":"shipping-taxable","21":"purchasable","22":"product-type-simple"},"_links":{"self":[{"href":"https:\/\/ideallabo.dz\/index.php?rest_route=\/wp\/v2\/product\/633","targetHints":{"allow":["GET"]}}],"collection":[{"href":"https:\/\/ideallabo.dz\/index.php?rest_route=\/wp\/v2\/product"}],"about":[{"href":"https:\/\/ideallabo.dz\/index.php?rest_route=\/wp\/v2\/types\/product"}],"wp:featuredmedia":[{"embeddable":true,"href":"https:\/\/ideallabo.dz\/index.php?rest_route=\/wp\/v2\/media\/622"}],"wp:attachment":[{"href":"https:\/\/ideallabo.dz\/index.php?rest_route=%2Fwp%2Fv2%2Fmedia&parent=633"}],"wp:term":[{"taxonomy":"product_cat","embeddable":true,"href":"https:\/\/ideallabo.dz\/index.php?rest_route=%2Fwp%2Fv2%2Fproduct_cat&post=633"},{"taxonomy":"product_tag","embeddable":true,"href":"https:\/\/ideallabo.dz\/index.php?rest_route=%2Fwp%2Fv2%2Fproduct_tag&post=633"}],"curies":[{"name":"wp","href":"https:\/\/api.w.org\/{rel}","templated":true}]}}