{"id":625,"date":"2024-11-19T22:36:26","date_gmt":"2024-11-19T22:36:26","guid":{"rendered":"https:\/\/ideallabo.dz\/?post_type=product&#038;p=625"},"modified":"2024-12-03T23:02:43","modified_gmt":"2024-12-03T23:02:43","slug":"bouillon-bcpl-s-c-tube-10ml","status":"publish","type":"product","link":"https:\/\/ideallabo.dz\/?product=bouillon-bcpl-s-c-tube-10ml","title":{"rendered":"Bouillon BCPL S\/C Tube 10ml"},"content":{"rendered":"<p>Le <strong>Bouillon BCPL S\/C Tube 10ml<\/strong> est un milieu de culture liquide con\u00e7u pour la culture de bact\u00e9ries ana\u00e9robies et d&rsquo;autres micro-organismes exigeants. Ce bouillon enrichi est particuli\u00e8rement utile pour la croissance et l&rsquo;isolement de bact\u00e9ries telles que <em>Clostridium perfringens<\/em>. Pr\u00e9sent\u00e9 en tube de 10ml, il est id\u00e9al pour des analyses n\u00e9cessitant de petits volumes, facilitant ainsi les tests microbiologiques en laboratoire.<\/p>\n","protected":false},"excerpt":{"rendered":"<p>Le Bouillon BCPL S\/C 10ml est utilis\u00e9 pour cultiver des bact\u00e9ries ana\u00e9robies, comme <em>Clostridium perfringens<\/em>, en offrant un environnement propice \u00e0 leur d\u00e9veloppement dans des analyses de laboratoire<\/p>\n","protected":false},"featured_media":622,"template":"","meta":{"site-sidebar-layout":"default","site-content-layout":"","ast-site-content-layout":"default","site-content-style":"default","site-sidebar-style":"default","ast-global-header-display":"","ast-banner-title-visibility":"","ast-main-header-display":"","ast-hfb-above-header-display":"","ast-hfb-below-header-display":"","ast-hfb-mobile-header-display":"","site-post-title":"","ast-breadcrumbs-content":"","ast-featured-img":"","footer-sml-layout":"","theme-transparent-header-meta":"default","adv-header-id-meta":"","stick-header-meta":"","header-above-stick-meta":"","header-main-stick-meta":"","header-below-stick-meta":"","astra-migrate-meta-layouts":"set","ast-page-background-enabled":"default","ast-page-background-meta":{"desktop":{"background-color":"var(--ast-global-color-4)","background-image":"","background-repeat":"repeat","background-position":"center center","background-size":"auto","background-attachment":"scroll","background-type":"","background-media":"","overlay-type":"","overlay-color":"","overlay-opacity":"","overlay-gradient":""},"tablet":{"background-color":"","background-image":"","background-repeat":"repeat","background-position":"center center","background-size":"auto","background-attachment":"scroll","background-type":"","background-media":"","overlay-type":"","overlay-color":"","overlay-opacity":"","overlay-gradient":""},"mobile":{"background-color":"","background-image":"","background-repeat":"repeat","background-position":"center center","background-size":"auto","background-attachment":"scroll","background-type":"","background-media":"","overlay-type":"","overlay-color":"","overlay-opacity":"","overlay-gradient":""}},"ast-content-background-meta":{"desktop":{"background-color":"var(--ast-global-color-5)","background-image":"","background-repeat":"repeat","background-position":"center center","background-size":"auto","background-attachment":"scroll","background-type":"","background-media":"","overlay-type":"","overlay-color":"","overlay-opacity":"","overlay-gradient":""},"tablet":{"background-color":"var(--ast-global-color-5)","background-image":"","background-repeat":"repeat","background-position":"center center","background-size":"auto","background-attachment":"scroll","background-type":"","background-media":"","overlay-type":"","overlay-color":"","overlay-opacity":"","overlay-gradient":""},"mobile":{"background-color":"var(--ast-global-color-5)","background-image":"","background-repeat":"repeat","background-position":"center center","background-size":"auto","background-attachment":"scroll","background-type":"","background-media":"","overlay-type":"","overlay-color":"","overlay-opacity":"","overlay-gradient":""}}},"product_cat":[48,45,46],"product_tag":[78,60,64,77],"class_list":{"0":"post-625","1":"product","2":"type-product","3":"status-publish","4":"has-post-thumbnail","6":"product_cat-bouillon","7":"product_cat-milieux-de-culture","8":"product_cat-pret-a-lemploi","9":"product_tag-10ml","10":"product_tag-milieux-de-culture","11":"product_tag-pret-a-lemploi","12":"product_tag-tube","13":"desktop-align-center","14":"tablet-align-left","15":"mobile-align-left","17":"first","18":"instock","19":"shipping-taxable","20":"purchasable","21":"product-type-simple"},"_links":{"self":[{"href":"https:\/\/ideallabo.dz\/index.php?rest_route=\/wp\/v2\/product\/625","targetHints":{"allow":["GET"]}}],"collection":[{"href":"https:\/\/ideallabo.dz\/index.php?rest_route=\/wp\/v2\/product"}],"about":[{"href":"https:\/\/ideallabo.dz\/index.php?rest_route=\/wp\/v2\/types\/product"}],"wp:featuredmedia":[{"embeddable":true,"href":"https:\/\/ideallabo.dz\/index.php?rest_route=\/wp\/v2\/media\/622"}],"wp:attachment":[{"href":"https:\/\/ideallabo.dz\/index.php?rest_route=%2Fwp%2Fv2%2Fmedia&parent=625"}],"wp:term":[{"taxonomy":"product_cat","embeddable":true,"href":"https:\/\/ideallabo.dz\/index.php?rest_route=%2Fwp%2Fv2%2Fproduct_cat&post=625"},{"taxonomy":"product_tag","embeddable":true,"href":"https:\/\/ideallabo.dz\/index.php?rest_route=%2Fwp%2Fv2%2Fproduct_tag&post=625"}],"curies":[{"name":"wp","href":"https:\/\/api.w.org\/{rel}","templated":true}]}}