{"id":562,"date":"2024-11-18T21:08:03","date_gmt":"2024-11-18T21:08:03","guid":{"rendered":"https:\/\/ideallabo.dz\/?post_type=product&#038;p=562"},"modified":"2024-12-03T22:58:06","modified_gmt":"2024-12-03T22:58:06","slug":"gelose-kia-07ml","status":"publish","type":"product","link":"https:\/\/ideallabo.dz\/?product=gelose-kia-07ml","title":{"rendered":"G\u00e9lose KIA 500g"},"content":{"rendered":"<p><strong>La<\/strong> <strong>G\u00e9lose KIA (Kligler Iron Agar) <\/strong>est un milieu de culture utilis\u00e9 en microbiologie pour diff\u00e9rencier les bact\u00e9ries ent\u00e9riques bas\u00e9es sur leur capacit\u00e9 \u00e0 fermenter le glucose et\/ou le lactose et \u00e0 produire du sulfure d&rsquo;hydrog\u00e8ne (H\u2082S). Ce milieu contient du glucose, du lactose, du fer et un indicateur de pH pour observer les r\u00e9actions m\u00e9taboliques des bact\u00e9ries.<\/p>\n","protected":false},"excerpt":{"rendered":"<p><strong>La g\u00e9lose KIA<\/strong> permet de d\u00e9tecter la fermentation du glucose et du lactose, ainsi que la production d\u2019H\u2082S par des bact\u00e9ries ent\u00e9riques, aidant ainsi \u00e0 leur identification.<\/p>\n<p>&nbsp;<\/p>\n","protected":false},"featured_media":645,"template":"","meta":{"site-sidebar-layout":"default","site-content-layout":"","ast-site-content-layout":"default","site-content-style":"default","site-sidebar-style":"default","ast-global-header-display":"","ast-banner-title-visibility":"","ast-main-header-display":"","ast-hfb-above-header-display":"","ast-hfb-below-header-display":"","ast-hfb-mobile-header-display":"","site-post-title":"","ast-breadcrumbs-content":"","ast-featured-img":"","footer-sml-layout":"","theme-transparent-header-meta":"default","adv-header-id-meta":"","stick-header-meta":"","header-above-stick-meta":"","header-main-stick-meta":"","header-below-stick-meta":"","astra-migrate-meta-layouts":"set","ast-page-background-enabled":"default","ast-page-background-meta":{"desktop":{"background-color":"var(--ast-global-color-4)","background-image":"","background-repeat":"repeat","background-position":"center center","background-size":"auto","background-attachment":"scroll","background-type":"","background-media":"","overlay-type":"","overlay-color":"","overlay-opacity":"","overlay-gradient":""},"tablet":{"background-color":"","background-image":"","background-repeat":"repeat","background-position":"center center","background-size":"auto","background-attachment":"scroll","background-type":"","background-media":"","overlay-type":"","overlay-color":"","overlay-opacity":"","overlay-gradient":""},"mobile":{"background-color":"","background-image":"","background-repeat":"repeat","background-position":"center center","background-size":"auto","background-attachment":"scroll","background-type":"","background-media":"","overlay-type":"","overlay-color":"","overlay-opacity":"","overlay-gradient":""}},"ast-content-background-meta":{"desktop":{"background-color":"var(--ast-global-color-5)","background-image":"","background-repeat":"repeat","background-position":"center center","background-size":"auto","background-attachment":"scroll","background-type":"","background-media":"","overlay-type":"","overlay-color":"","overlay-opacity":"","overlay-gradient":""},"tablet":{"background-color":"var(--ast-global-color-5)","background-image":"","background-repeat":"repeat","background-position":"center center","background-size":"auto","background-attachment":"scroll","background-type":"","background-media":"","overlay-type":"","overlay-color":"","overlay-opacity":"","overlay-gradient":""},"mobile":{"background-color":"var(--ast-global-color-5)","background-image":"","background-repeat":"repeat","background-position":"center center","background-size":"auto","background-attachment":"scroll","background-type":"","background-media":"","overlay-type":"","overlay-color":"","overlay-opacity":"","overlay-gradient":""}}},"product_cat":[51,45,56],"product_tag":[62,58,60,64],"class_list":{"0":"post-562","1":"product","2":"type-product","3":"status-publish","4":"has-post-thumbnail","6":"product_cat-deshydrates","7":"product_cat-milieux-de-culture","8":"product_cat-produits","9":"product_tag-500g","10":"product_tag-gelose","11":"product_tag-milieux-de-culture","12":"product_tag-pret-a-lemploi","13":"desktop-align-center","14":"tablet-align-left","15":"mobile-align-left","17":"first","18":"instock","19":"shipping-taxable","20":"purchasable","21":"product-type-simple"},"_links":{"self":[{"href":"https:\/\/ideallabo.dz\/index.php?rest_route=\/wp\/v2\/product\/562","targetHints":{"allow":["GET"]}}],"collection":[{"href":"https:\/\/ideallabo.dz\/index.php?rest_route=\/wp\/v2\/product"}],"about":[{"href":"https:\/\/ideallabo.dz\/index.php?rest_route=\/wp\/v2\/types\/product"}],"wp:featuredmedia":[{"embeddable":true,"href":"https:\/\/ideallabo.dz\/index.php?rest_route=\/wp\/v2\/media\/645"}],"wp:attachment":[{"href":"https:\/\/ideallabo.dz\/index.php?rest_route=%2Fwp%2Fv2%2Fmedia&parent=562"}],"wp:term":[{"taxonomy":"product_cat","embeddable":true,"href":"https:\/\/ideallabo.dz\/index.php?rest_route=%2Fwp%2Fv2%2Fproduct_cat&post=562"},{"taxonomy":"product_tag","embeddable":true,"href":"https:\/\/ideallabo.dz\/index.php?rest_route=%2Fwp%2Fv2%2Fproduct_tag&post=562"}],"curies":[{"name":"wp","href":"https:\/\/api.w.org\/{rel}","templated":true}]}}