{"id":204,"date":"2024-11-12T00:46:08","date_gmt":"2024-11-12T00:46:08","guid":{"rendered":"https:\/\/ideallabo.dz\/?post_type=product&#038;p=204"},"modified":"2024-12-03T22:58:36","modified_gmt":"2024-12-03T22:58:36","slug":"gelose-hektoene-180ml","status":"publish","type":"product","link":"https:\/\/ideallabo.dz\/?product=gelose-hektoene-180ml","title":{"rendered":"G\u00e9lose M17 500g"},"content":{"rendered":"<p><strong>\u00a0La g\u00e9lose M17<\/strong> est un milieu enrichi utilis\u00e9 pour cultiver des bact\u00e9ries lactiques, notamment les <em>Lactococcus<\/em> et d&rsquo;autres bact\u00e9ries impliqu\u00e9es dans les processus de fermentation. Elle est particuli\u00e8rement adapt\u00e9e pour \u00e9tudier la croissance bact\u00e9rienne dans les produits laitiers.<\/p>\n","protected":false},"excerpt":{"rendered":"<p><strong>\u00a0La g\u00e9lose M17<\/strong> est un Milieu enrichi pour bact\u00e9ries lactiques, utilis\u00e9 dans les \u00e9tudes sur les produits ferment\u00e9s.<\/p>\n","protected":false},"featured_media":645,"template":"","meta":{"site-sidebar-layout":"default","site-content-layout":"","ast-site-content-layout":"default","site-content-style":"default","site-sidebar-style":"default","ast-global-header-display":"","ast-banner-title-visibility":"","ast-main-header-display":"","ast-hfb-above-header-display":"","ast-hfb-below-header-display":"","ast-hfb-mobile-header-display":"","site-post-title":"","ast-breadcrumbs-content":"","ast-featured-img":"","footer-sml-layout":"","theme-transparent-header-meta":"default","adv-header-id-meta":"","stick-header-meta":"","header-above-stick-meta":"","header-main-stick-meta":"","header-below-stick-meta":"","astra-migrate-meta-layouts":"set","ast-page-background-enabled":"default","ast-page-background-meta":{"desktop":{"background-color":"var(--ast-global-color-4)","background-image":"","background-repeat":"repeat","background-position":"center center","background-size":"auto","background-attachment":"scroll","background-type":"","background-media":"","overlay-type":"","overlay-color":"","overlay-opacity":"","overlay-gradient":""},"tablet":{"background-color":"","background-image":"","background-repeat":"repeat","background-position":"center center","background-size":"auto","background-attachment":"scroll","background-type":"","background-media":"","overlay-type":"","overlay-color":"","overlay-opacity":"","overlay-gradient":""},"mobile":{"background-color":"","background-image":"","background-repeat":"repeat","background-position":"center center","background-size":"auto","background-attachment":"scroll","background-type":"","background-media":"","overlay-type":"","overlay-color":"","overlay-opacity":"","overlay-gradient":""}},"ast-content-background-meta":{"desktop":{"background-color":"var(--ast-global-color-5)","background-image":"","background-repeat":"repeat","background-position":"center center","background-size":"auto","background-attachment":"scroll","background-type":"","background-media":"","overlay-type":"","overlay-color":"","overlay-opacity":"","overlay-gradient":""},"tablet":{"background-color":"var(--ast-global-color-5)","background-image":"","background-repeat":"repeat","background-position":"center center","background-size":"auto","background-attachment":"scroll","background-type":"","background-media":"","overlay-type":"","overlay-color":"","overlay-opacity":"","overlay-gradient":""},"mobile":{"background-color":"var(--ast-global-color-5)","background-image":"","background-repeat":"repeat","background-position":"center center","background-size":"auto","background-attachment":"scroll","background-type":"","background-media":"","overlay-type":"","overlay-color":"","overlay-opacity":"","overlay-gradient":""}}},"product_cat":[51,45],"product_tag":[62,58,60,64],"class_list":{"0":"post-204","1":"product","2":"type-product","3":"status-publish","4":"has-post-thumbnail","6":"product_cat-deshydrates","7":"product_cat-milieux-de-culture","8":"product_tag-500g","9":"product_tag-gelose","10":"product_tag-milieux-de-culture","11":"product_tag-pret-a-lemploi","12":"desktop-align-center","13":"tablet-align-left","14":"mobile-align-left","16":"first","17":"instock","18":"sold-individually","19":"shipping-taxable","20":"purchasable","21":"product-type-simple"},"_links":{"self":[{"href":"https:\/\/ideallabo.dz\/index.php?rest_route=\/wp\/v2\/product\/204","targetHints":{"allow":["GET"]}}],"collection":[{"href":"https:\/\/ideallabo.dz\/index.php?rest_route=\/wp\/v2\/product"}],"about":[{"href":"https:\/\/ideallabo.dz\/index.php?rest_route=\/wp\/v2\/types\/product"}],"wp:featuredmedia":[{"embeddable":true,"href":"https:\/\/ideallabo.dz\/index.php?rest_route=\/wp\/v2\/media\/645"}],"wp:attachment":[{"href":"https:\/\/ideallabo.dz\/index.php?rest_route=%2Fwp%2Fv2%2Fmedia&parent=204"}],"wp:term":[{"taxonomy":"product_cat","embeddable":true,"href":"https:\/\/ideallabo.dz\/index.php?rest_route=%2Fwp%2Fv2%2Fproduct_cat&post=204"},{"taxonomy":"product_tag","embeddable":true,"href":"https:\/\/ideallabo.dz\/index.php?rest_route=%2Fwp%2Fv2%2Fproduct_tag&post=204"}],"curies":[{"name":"wp","href":"https:\/\/api.w.org\/{rel}","templated":true}]}}