{"id":187,"date":"2024-11-11T23:57:48","date_gmt":"2024-11-11T23:57:48","guid":{"rendered":"https:\/\/ideallabo.dz\/?post_type=product&#038;p=187"},"modified":"2024-12-03T23:07:13","modified_gmt":"2024-12-03T23:07:13","slug":"gelose-bga-180ml","status":"publish","type":"product","link":"https:\/\/ideallabo.dz\/?product=gelose-bga-180ml","title":{"rendered":"G\u00e9lose BGA 180ml"},"content":{"rendered":"<div class=\"_3d-flip-book  fb3d-fullscreen-mode full-size\" data-id=\"104\" data-mode=\"fullscreen\" data-title=\"false\" data-template=\"short-white-book-view\" data-lightbox=\"dark-shadow\" data-urlparam=\"fb3d-page\" data-page-n=\"0\" data-pdf=\"\" data-tax=\"null\" data-thumbnail=\"\" data-cols=\"3\" data-book-template=\"default\" data-trigger=\"\"><\/div><script type=\"text\/javascript\">window.FB3D_CLIENT_DATA = window.FB3D_CLIENT_DATA || [];window.FB3D_CLIENT_DATA.push('eyJwb3N0cyI6eyIxMDQiOnsiSUQiOjEwNCwidGl0bGUiOiJGaWNoZSBUZWNobmlxdWUiLCJ0eXBlIjoicGRmIiwicmVhZHlfZnVuY3Rpb24iOiIiLCJib29rX3N0eWxlIjoiZmxhdCIsImJvb2tfdGVtcGxhdGUiOiJub25lIiwib3V0bGluZSI6W10sImRhdGEiOnsicG9zdF9JRCI6IjEwMSIsImd1aWQiOiJodHRwczpcL1wvaWRlYWxsYWJvLmR6XC93cC1jb250ZW50XC91cGxvYWRzXC8yMDI0XC8xMVwvRmljaGUtVGVjaG5pcXVlLnBkZiIsInBkZl9wYWdlcyI6IjMiLCJwYWdlc19jdXN0b21pemF0aW9uIjoibm9uZSJ9LCJ0aHVtYm5haWwiOnsiZGF0YSI6eyJwb3N0X0lEIjoiMCJ9LCJ0eXBlIjoiYXV0byJ9LCJwcm9wcyI6eyJiYWNrZ3JvdW5kQ29sb3IiOiJhdXRvIiwiYmFja2dyb3VuZEltYWdlIjoiYXV0byIsImJhY2tncm91bmRTdHlsZSI6ImF1dG8iLCJoaWdobGlnaHRMaW5rcyI6ImF1dG8iLCJsaWdodGluZyI6ImF1dG8iLCJzaW5nbGVQYWdlTW9kZSI6ImF1dG8iLCJjYWNoZWRQYWdlcyI6ImF1dG8iLCJyZW5kZXJJbmFjdGl2ZVBhZ2VzIjoiYXV0byIsInJlbmRlckluYWN0aXZlUGFnZXNPbk1vYmlsZSI6ImF1dG8iLCJyZW5kZXJXaGlsZUZsaXBwaW5nIjoiYXV0byIsInByZWxvYWRQYWdlcyI6ImF1dG8iLCJhdXRvUGxheUR1cmF0aW9uIjoiYXV0byIsInJ0bCI6ImF1dG8iLCJpbnRlcmFjdGl2ZUNvcm5lcnMiOiJhdXRvIiwibWF4RGVwdGgiOiJhdXRvIiwic2hlZXQiOnsic3RhcnRWZWxvY2l0eSI6ImF1dG8iLCJ3YXZlIjoiYXV0byIsInNoYXBlIjoiYXV0byIsIndpZHRoVGV4ZWxzIjoiYXV0byIsImNvbG9yIjoiYXV0byIsInNpZGUiOiJhdXRvIiwic3RyZXRjaEltYWdlcyI6ImF1dG8iLCJjb3JuZXJEZXZpYXRpb24iOiJhdXRvIiwiZmxleGliaWxpdHkiOiJhdXRvIiwiZmxleGlibGVDb3JuZXIiOiJhdXRvIiwiYmVuZGluZyI6ImF1dG8iLCJoZWlnaHRUZXhlbHMiOiJhdXRvIn0sImNvdmVyIjp7IndhdmUiOiJhdXRvIiwiY29sb3IiOiJhdXRvIiwic2lkZSI6ImF1dG8iLCJzdHJldGNoSW1hZ2VzIjoiYXV0byIsImJpbmRlclRleHR1cmUiOiJhdXRvIiwiZGVwdGgiOiJhdXRvIiwicGFkZGluZyI6ImF1dG8iLCJzdGFydFZlbG9jaXR5IjoiYXV0byIsImZsZXhpYmlsaXR5IjoiYXV0byIsImZsZXhpYmxlQ29ybmVyIjoiYXV0byIsImJlbmRpbmciOiJhdXRvIiwid2lkdGhUZXhlbHMiOiJhdXRvIiwiaGVpZ2h0VGV4ZWxzIjoiYXV0byIsIm1hc3MiOiJhdXRvIiwic2hhcGUiOiJhdXRvIn0sInBhZ2UiOnsid2F2ZSI6ImF1dG8iLCJjb2xvciI6ImF1dG8iLCJzaWRlIjoiYXV0byIsInN0cmV0Y2hJbWFnZXMiOiJhdXRvIiwiZGVwdGgiOiJhdXRvIiwic3RhcnRWZWxvY2l0eSI6ImF1dG8iLCJmbGV4aWJpbGl0eSI6ImF1dG8iLCJmbGV4aWJsZUNvcm5lciI6ImF1dG8iLCJiZW5kaW5nIjoiYXV0byIsIndpZHRoVGV4ZWxzIjoiYXV0byIsImhlaWdodFRleGVscyI6ImF1dG8iLCJtYXNzIjoiYXV0byIsInNoYXBlIjoiYXV0byJ9LCJoZWlnaHQiOiJhdXRvIiwid2lkdGgiOiJhdXRvIiwiZ3Jhdml0eSI6ImF1dG8iLCJwYWdlc0ZvclByZWRpY3RpbmciOiJhdXRvIn0sImNvbnRyb2xQcm9wcyI6eyJhY3Rpb25zIjp7ImNtZFRvYyI6eyJlbmFibGVkIjoiYXV0byIsImVuYWJsZWRJbk5hcnJvdyI6ImF1dG8iLCJhY3RpdmUiOiJhdXRvIiwiZGVmYXVsdFRhYiI6ImF1dG8ifSwiY21kQXV0b1BsYXkiOnsiZW5hYmxlZCI6ImF1dG8iLCJlbmFibGVkSW5OYXJyb3ciOiJhdXRvIiwiYWN0aXZlIjoiYXV0byJ9LCJjbWRTYXZlIjp7ImVuYWJsZWQiOiJhdXRvIiwiZW5hYmxlZEluTmFycm93IjoiYXV0byJ9LCJjbWRQcmludCI6eyJlbmFibGVkIjoiYXV0byIsImVuYWJsZWRJbk5hcnJvdyI6ImF1dG8ifSwiY21kU2luZ2xlUGFnZSI6eyJlbmFibGVkIjoiYXV0byIsImVuYWJsZWRJbk5hcnJvdyI6ImF1dG8iLCJhY3RpdmUiOiJhdXRvIiwiYWN0aXZlRm9yTW9iaWxlIjoiYXV0byJ9LCJ3aWRUb29sYmFyIjp7ImVuYWJsZWQiOiJhdXRvIiwiZW5hYmxlZEluTmFycm93IjoiYXV0byJ9fX0sImF1dG9UaHVtYm5haWwiOiJodHRwczpcL1wvaWRlYWxsYWJvLmR6XC93cC1jb250ZW50XC91cGxvYWRzXC8zZC1mbGlwLWJvb2tcL2F1dG8tdGh1bWJuYWlsc1wvMTA0LnBuZyIsInBvc3RfbmFtZSI6ImZpY2hlLXRlY2huaXF1ZSIsInBvc3RfdHlwZSI6IjNkLWZsaXAtYm9vayJ9fSwicGFnZXMiOltdLCJmaXJzdFBhZ2VzIjpbXX0=');window.FB3D_CLIENT_LOCALE && window.FB3D_CLIENT_LOCALE.render();<\/script>\n<p>La <strong>G\u00e9lose BGA (Bromothymol Blue Glucose Agar) 180ml<\/strong> est un milieu de culture s\u00e9lectif et diff\u00e9rentiel utilis\u00e9 pour la culture et la diff\u00e9renciation des bact\u00e9ries, notamment les <em>Enterobacteriaceae<\/em> et les bact\u00e9ries pathog\u00e8nes comme <em>Salmonella<\/em> et <em>Shigella<\/em>. Le milieu contient du glucose et un indicateur de pH (bromothymol blue) qui permet de d\u00e9tecter la fermentation du glucose. Les bact\u00e9ries qui fermentent le glucose produisent un changement de couleur du milieu, g\u00e9n\u00e9ralement du vert au jaune, tandis que celles qui ne fermentent pas le glucose ne modifient pas la couleur.<\/p>\n","protected":false},"excerpt":{"rendered":"<p>La G\u00e9lose BGA 180ml est utilis\u00e9e pour l&rsquo;isolement et la diff\u00e9renciation des bact\u00e9ries fermentant le glucose. Elle permet de d\u00e9tecter des pathog\u00e8nes comme <em>Salmonella<\/em> et <em>Shigella<\/em> gr\u00e2ce \u00e0 un changement de couleur du milieu en fonction de la fermentation du glucose.<\/p>\n","protected":false},"featured_media":174,"template":"","meta":{"site-sidebar-layout":"default","site-content-layout":"","ast-site-content-layout":"default","site-content-style":"default","site-sidebar-style":"default","ast-global-header-display":"","ast-banner-title-visibility":"","ast-main-header-display":"","ast-hfb-above-header-display":"","ast-hfb-below-header-display":"","ast-hfb-mobile-header-display":"","site-post-title":"","ast-breadcrumbs-content":"","ast-featured-img":"","footer-sml-layout":"","theme-transparent-header-meta":"default","adv-header-id-meta":"","stick-header-meta":"","header-above-stick-meta":"","header-main-stick-meta":"","header-below-stick-meta":"","astra-migrate-meta-layouts":"set","ast-page-background-enabled":"default","ast-page-background-meta":{"desktop":{"background-color":"var(--ast-global-color-4)","background-image":"","background-repeat":"repeat","background-position":"center center","background-size":"auto","background-attachment":"scroll","background-type":"","background-media":"","overlay-type":"","overlay-color":"","overlay-opacity":"","overlay-gradient":""},"tablet":{"background-color":"","background-image":"","background-repeat":"repeat","background-position":"center center","background-size":"auto","background-attachment":"scroll","background-type":"","background-media":"","overlay-type":"","overlay-color":"","overlay-opacity":"","overlay-gradient":""},"mobile":{"background-color":"","background-image":"","background-repeat":"repeat","background-position":"center center","background-size":"auto","background-attachment":"scroll","background-type":"","background-media":"","overlay-type":"","overlay-color":"","overlay-opacity":"","overlay-gradient":""}},"ast-content-background-meta":{"desktop":{"background-color":"var(--ast-global-color-5)","background-image":"","background-repeat":"repeat","background-position":"center center","background-size":"auto","background-attachment":"scroll","background-type":"","background-media":"","overlay-type":"","overlay-color":"","overlay-opacity":"","overlay-gradient":""},"tablet":{"background-color":"var(--ast-global-color-5)","background-image":"","background-repeat":"repeat","background-position":"center center","background-size":"auto","background-attachment":"scroll","background-type":"","background-media":"","overlay-type":"","overlay-color":"","overlay-opacity":"","overlay-gradient":""},"mobile":{"background-color":"var(--ast-global-color-5)","background-image":"","background-repeat":"repeat","background-position":"center center","background-size":"auto","background-attachment":"scroll","background-type":"","background-media":"","overlay-type":"","overlay-color":"","overlay-opacity":"","overlay-gradient":""}}},"product_cat":[47,45,46],"product_tag":[59,58,60,64],"class_list":{"0":"post-187","1":"product","2":"type-product","3":"status-publish","4":"has-post-thumbnail","6":"product_cat-gelose","7":"product_cat-milieux-de-culture","8":"product_cat-pret-a-lemploi","9":"product_tag-180ml","10":"product_tag-gelose","11":"product_tag-milieux-de-culture","12":"product_tag-pret-a-lemploi","13":"desktop-align-center","14":"tablet-align-left","15":"mobile-align-left","17":"first","18":"instock","19":"sold-individually","20":"shipping-taxable","21":"purchasable","22":"product-type-simple"},"_links":{"self":[{"href":"https:\/\/ideallabo.dz\/index.php?rest_route=\/wp\/v2\/product\/187","targetHints":{"allow":["GET"]}}],"collection":[{"href":"https:\/\/ideallabo.dz\/index.php?rest_route=\/wp\/v2\/product"}],"about":[{"href":"https:\/\/ideallabo.dz\/index.php?rest_route=\/wp\/v2\/types\/product"}],"wp:featuredmedia":[{"embeddable":true,"href":"https:\/\/ideallabo.dz\/index.php?rest_route=\/wp\/v2\/media\/174"}],"wp:attachment":[{"href":"https:\/\/ideallabo.dz\/index.php?rest_route=%2Fwp%2Fv2%2Fmedia&parent=187"}],"wp:term":[{"taxonomy":"product_cat","embeddable":true,"href":"https:\/\/ideallabo.dz\/index.php?rest_route=%2Fwp%2Fv2%2Fproduct_cat&post=187"},{"taxonomy":"product_tag","embeddable":true,"href":"https:\/\/ideallabo.dz\/index.php?rest_route=%2Fwp%2Fv2%2Fproduct_tag&post=187"}],"curies":[{"name":"wp","href":"https:\/\/api.w.org\/{rel}","templated":true}]}}